{"id":9036,"date":"2025-05-16T12:27:32","date_gmt":"2025-05-16T10:27:32","guid":{"rendered":"https:\/\/host3.hellowebtunisie.com\/~smilecle\/?post_type=product&#038;p=9036"},"modified":"2025-05-16T12:27:33","modified_gmt":"2025-05-16T10:27:33","slug":"smile-cuisine","status":"publish","type":"product","link":"https:\/\/host3.hellowebtunisie.com\/~smilecle\/produit\/smile-cuisine","title":{"rendered":"Smile Cuisine+"},"content":{"rendered":"","protected":false},"excerpt":{"rendered":"<p class=\"\" data-start=\"932\" data-end=\"1369\">Le <strong data-start=\"965\" data-end=\"988\">Pack Smile Cuisine+<\/strong> est con\u00e7u pour r\u00e9pondre \u00e0 tous vos besoins en mati\u00e8re d&rsquo;hygi\u00e8ne dans la cuisine. Il inclut un <strong data-start=\"1083\" data-end=\"1113\">liquide vaisselle puissant<\/strong> pour \u00e9liminer les graisses, un <strong data-start=\"1145\" data-end=\"1163\">lave-main doux<\/strong> pour pr\u00e9server la peau, un <strong data-start=\"1191\" data-end=\"1205\">lave-vitre<\/strong> pour une brillance sans traces, et un <strong data-start=\"1244\" data-end=\"1272\">d\u00e9sodorisant (Air Fresh)<\/strong> pour neutraliser les odeurs de cuisson. Le pack id\u00e9al pour une cuisine propre, saine et fra\u00eeche.<\/p>\n","protected":false},"featured_media":9037,"template":"","meta":[],"product_cat":[88],"product_tag":[],"class_list":{"0":"post-9036","1":"product","2":"type-product","3":"status-publish","4":"has-post-thumbnail","6":"product_cat-pack-smile","8":"first","9":"instock","10":"shipping-taxable","11":"product-type-simple"},"_links":{"self":[{"href":"https:\/\/host3.hellowebtunisie.com\/~smilecle\/wp-json\/wp\/v2\/product\/9036","targetHints":{"allow":["GET"]}}],"collection":[{"href":"https:\/\/host3.hellowebtunisie.com\/~smilecle\/wp-json\/wp\/v2\/product"}],"about":[{"href":"https:\/\/host3.hellowebtunisie.com\/~smilecle\/wp-json\/wp\/v2\/types\/product"}],"version-history":[{"count":1,"href":"https:\/\/host3.hellowebtunisie.com\/~smilecle\/wp-json\/wp\/v2\/product\/9036\/revisions"}],"predecessor-version":[{"id":9038,"href":"https:\/\/host3.hellowebtunisie.com\/~smilecle\/wp-json\/wp\/v2\/product\/9036\/revisions\/9038"}],"wp:featuredmedia":[{"embeddable":true,"href":"https:\/\/host3.hellowebtunisie.com\/~smilecle\/wp-json\/wp\/v2\/media\/9037"}],"wp:attachment":[{"href":"https:\/\/host3.hellowebtunisie.com\/~smilecle\/wp-json\/wp\/v2\/media?parent=9036"}],"wp:term":[{"taxonomy":"product_cat","embeddable":true,"href":"https:\/\/host3.hellowebtunisie.com\/~smilecle\/wp-json\/wp\/v2\/product_cat?post=9036"},{"taxonomy":"product_tag","embeddable":true,"href":"https:\/\/host3.hellowebtunisie.com\/~smilecle\/wp-json\/wp\/v2\/product_tag?post=9036"}],"curies":[{"name":"wp","href":"https:\/\/api.w.org\/{rel}","templated":true}]}}