{"id":8960,"date":"2024-07-02T15:59:58","date_gmt":"2024-07-02T13:59:58","guid":{"rendered":"https:\/\/host3.hellowebtunisie.com\/~smilecle\/?post_type=product&#038;p=8960"},"modified":"2024-08-30T09:50:10","modified_gmt":"2024-08-30T07:50:10","slug":"lave-glace","status":"publish","type":"product","link":"https:\/\/host3.hellowebtunisie.com\/~smilecle\/produit\/lave-glace","title":{"rendered":"Lave Glace"},"content":{"rendered":"","protected":false},"excerpt":{"rendered":"<p>D\u00e9couvrez notre lave-glace 2 en 1 pour voiture, id\u00e9al pour nettoyer, d\u00e9graisser et prot\u00e9ger vos vitres. Offrez \u00e0 votre v\u00e9hicule une visibilit\u00e9 optimale avec une formule efficace contre la salet\u00e9, les insectes et les d\u00e9p\u00f4ts routiers.<\/p>\n","protected":false},"featured_media":9023,"template":"","meta":[],"product_cat":[86],"product_tag":[],"class_list":{"0":"post-8960","1":"product","2":"type-product","3":"status-publish","4":"has-post-thumbnail","6":"product_cat-lave-glace","8":"first","9":"instock","10":"shipping-taxable","11":"purchasable","12":"product-type-simple"},"_links":{"self":[{"href":"https:\/\/host3.hellowebtunisie.com\/~smilecle\/wp-json\/wp\/v2\/product\/8960","targetHints":{"allow":["GET"]}}],"collection":[{"href":"https:\/\/host3.hellowebtunisie.com\/~smilecle\/wp-json\/wp\/v2\/product"}],"about":[{"href":"https:\/\/host3.hellowebtunisie.com\/~smilecle\/wp-json\/wp\/v2\/types\/product"}],"version-history":[{"count":3,"href":"https:\/\/host3.hellowebtunisie.com\/~smilecle\/wp-json\/wp\/v2\/product\/8960\/revisions"}],"predecessor-version":[{"id":9024,"href":"https:\/\/host3.hellowebtunisie.com\/~smilecle\/wp-json\/wp\/v2\/product\/8960\/revisions\/9024"}],"wp:featuredmedia":[{"embeddable":true,"href":"https:\/\/host3.hellowebtunisie.com\/~smilecle\/wp-json\/wp\/v2\/media\/9023"}],"wp:attachment":[{"href":"https:\/\/host3.hellowebtunisie.com\/~smilecle\/wp-json\/wp\/v2\/media?parent=8960"}],"wp:term":[{"taxonomy":"product_cat","embeddable":true,"href":"https:\/\/host3.hellowebtunisie.com\/~smilecle\/wp-json\/wp\/v2\/product_cat?post=8960"},{"taxonomy":"product_tag","embeddable":true,"href":"https:\/\/host3.hellowebtunisie.com\/~smilecle\/wp-json\/wp\/v2\/product_tag?post=8960"}],"curies":[{"name":"wp","href":"https:\/\/api.w.org\/{rel}","templated":true}]}}