{"id":8945,"date":"2024-07-02T15:04:47","date_gmt":"2024-07-02T13:04:47","guid":{"rendered":"https:\/\/host3.hellowebtunisie.com\/~smilecle\/?post_type=product&#038;p=8945"},"modified":"2024-07-03T12:01:06","modified_gmt":"2024-07-03T10:01:06","slug":"shampoing-moquette-floral","status":"publish","type":"product","link":"https:\/\/host3.hellowebtunisie.com\/~smilecle\/produit\/shampoing-moquette-floral","title":{"rendered":"Shampoing Moquette Floral"},"content":{"rendered":"","protected":false},"excerpt":{"rendered":"<p>Offrez \u00e0 vos tapis, moquettes et tissus d&rsquo;ameublement un soin floral avec notre shampoing sp\u00e9cialement formul\u00e9. Nettoyez en profondeur tout en ravivant les couleurs, pour une ambiance fra\u00eeche et revitalis\u00e9e dans votre int\u00e9rieur.<\/p>\n","protected":false},"featured_media":8946,"template":"","meta":[],"product_cat":[85],"product_tag":[],"class_list":{"0":"post-8945","1":"product","2":"type-product","3":"status-publish","4":"has-post-thumbnail","6":"product_cat-shampoing-moquette","8":"first","9":"instock","10":"shipping-taxable","11":"purchasable","12":"product-type-simple"},"_links":{"self":[{"href":"https:\/\/host3.hellowebtunisie.com\/~smilecle\/wp-json\/wp\/v2\/product\/8945","targetHints":{"allow":["GET"]}}],"collection":[{"href":"https:\/\/host3.hellowebtunisie.com\/~smilecle\/wp-json\/wp\/v2\/product"}],"about":[{"href":"https:\/\/host3.hellowebtunisie.com\/~smilecle\/wp-json\/wp\/v2\/types\/product"}],"version-history":[{"count":2,"href":"https:\/\/host3.hellowebtunisie.com\/~smilecle\/wp-json\/wp\/v2\/product\/8945\/revisions"}],"predecessor-version":[{"id":9008,"href":"https:\/\/host3.hellowebtunisie.com\/~smilecle\/wp-json\/wp\/v2\/product\/8945\/revisions\/9008"}],"wp:featuredmedia":[{"embeddable":true,"href":"https:\/\/host3.hellowebtunisie.com\/~smilecle\/wp-json\/wp\/v2\/media\/8946"}],"wp:attachment":[{"href":"https:\/\/host3.hellowebtunisie.com\/~smilecle\/wp-json\/wp\/v2\/media?parent=8945"}],"wp:term":[{"taxonomy":"product_cat","embeddable":true,"href":"https:\/\/host3.hellowebtunisie.com\/~smilecle\/wp-json\/wp\/v2\/product_cat?post=8945"},{"taxonomy":"product_tag","embeddable":true,"href":"https:\/\/host3.hellowebtunisie.com\/~smilecle\/wp-json\/wp\/v2\/product_tag?post=8945"}],"curies":[{"name":"wp","href":"https:\/\/api.w.org\/{rel}","templated":true}]}}