{"id":8884,"date":"2024-07-01T15:40:56","date_gmt":"2024-07-01T13:40:56","guid":{"rendered":"https:\/\/host3.hellowebtunisie.com\/~smilecle\/?post_type=product&#038;p=8884"},"modified":"2024-07-03T11:52:59","modified_gmt":"2024-07-03T09:52:59","slug":"liquide-vaisselle-citron-2","status":"publish","type":"product","link":"https:\/\/host3.hellowebtunisie.com\/~smilecle\/produit\/liquide-vaisselle-citron-2","title":{"rendered":"Liquide Vaisselle Citron"},"content":{"rendered":"","protected":false},"excerpt":{"rendered":"<p>Optez pour notre liquide vaisselle au citron, formule maxi brillance qui combat les odeurs et d\u00e9graisse efficacement. Profitez d&rsquo;une vaisselle propre et \u00e9clatante avec une fra\u00eecheur citronn\u00e9e revitalisante.<\/p>\n","protected":false},"featured_media":8885,"template":"","meta":[],"product_cat":[82],"product_tag":[],"class_list":{"0":"post-8884","1":"product","2":"type-product","3":"status-publish","4":"has-post-thumbnail","6":"product_cat-liquide-vaisselle","8":"first","9":"instock","10":"shipping-taxable","11":"purchasable","12":"product-type-simple"},"_links":{"self":[{"href":"https:\/\/host3.hellowebtunisie.com\/~smilecle\/wp-json\/wp\/v2\/product\/8884","targetHints":{"allow":["GET"]}}],"collection":[{"href":"https:\/\/host3.hellowebtunisie.com\/~smilecle\/wp-json\/wp\/v2\/product"}],"about":[{"href":"https:\/\/host3.hellowebtunisie.com\/~smilecle\/wp-json\/wp\/v2\/types\/product"}],"version-history":[{"count":2,"href":"https:\/\/host3.hellowebtunisie.com\/~smilecle\/wp-json\/wp\/v2\/product\/8884\/revisions"}],"predecessor-version":[{"id":9004,"href":"https:\/\/host3.hellowebtunisie.com\/~smilecle\/wp-json\/wp\/v2\/product\/8884\/revisions\/9004"}],"wp:featuredmedia":[{"embeddable":true,"href":"https:\/\/host3.hellowebtunisie.com\/~smilecle\/wp-json\/wp\/v2\/media\/8885"}],"wp:attachment":[{"href":"https:\/\/host3.hellowebtunisie.com\/~smilecle\/wp-json\/wp\/v2\/media?parent=8884"}],"wp:term":[{"taxonomy":"product_cat","embeddable":true,"href":"https:\/\/host3.hellowebtunisie.com\/~smilecle\/wp-json\/wp\/v2\/product_cat?post=8884"},{"taxonomy":"product_tag","embeddable":true,"href":"https:\/\/host3.hellowebtunisie.com\/~smilecle\/wp-json\/wp\/v2\/product_tag?post=8884"}],"curies":[{"name":"wp","href":"https:\/\/api.w.org\/{rel}","templated":true}]}}