{"id":8880,"date":"2024-07-01T15:31:46","date_gmt":"2024-07-01T13:31:46","guid":{"rendered":"https:\/\/host3.hellowebtunisie.com\/~smilecle\/?post_type=product&#038;p=8880"},"modified":"2024-07-03T11:48:26","modified_gmt":"2024-07-03T09:48:26","slug":"desinfectant-marine","status":"publish","type":"product","link":"https:\/\/host3.hellowebtunisie.com\/~smilecle\/produit\/desinfectant-marine","title":{"rendered":"D\u00e9sinfectant Marine"},"content":{"rendered":"","protected":false},"excerpt":{"rendered":"<p>D\u00e9couvrez notre d\u00e9sinfectant Marine, id\u00e9al pour assurer une propret\u00e9 optimale. Profitez d&rsquo;une formule efficace qui \u00e9limine les bact\u00e9ries et offre une fra\u00eecheur marine revitalisante \u00e0 vos surfaces.<\/p>\n","protected":false},"featured_media":8881,"template":"","meta":[],"product_cat":[81],"product_tag":[],"class_list":{"0":"post-8880","1":"product","2":"type-product","3":"status-publish","4":"has-post-thumbnail","6":"product_cat-desinfectant","8":"first","9":"instock","10":"shipping-taxable","11":"purchasable","12":"product-type-simple"},"_links":{"self":[{"href":"https:\/\/host3.hellowebtunisie.com\/~smilecle\/wp-json\/wp\/v2\/product\/8880","targetHints":{"allow":["GET"]}}],"collection":[{"href":"https:\/\/host3.hellowebtunisie.com\/~smilecle\/wp-json\/wp\/v2\/product"}],"about":[{"href":"https:\/\/host3.hellowebtunisie.com\/~smilecle\/wp-json\/wp\/v2\/types\/product"}],"version-history":[{"count":2,"href":"https:\/\/host3.hellowebtunisie.com\/~smilecle\/wp-json\/wp\/v2\/product\/8880\/revisions"}],"predecessor-version":[{"id":9003,"href":"https:\/\/host3.hellowebtunisie.com\/~smilecle\/wp-json\/wp\/v2\/product\/8880\/revisions\/9003"}],"wp:featuredmedia":[{"embeddable":true,"href":"https:\/\/host3.hellowebtunisie.com\/~smilecle\/wp-json\/wp\/v2\/media\/8881"}],"wp:attachment":[{"href":"https:\/\/host3.hellowebtunisie.com\/~smilecle\/wp-json\/wp\/v2\/media?parent=8880"}],"wp:term":[{"taxonomy":"product_cat","embeddable":true,"href":"https:\/\/host3.hellowebtunisie.com\/~smilecle\/wp-json\/wp\/v2\/product_cat?post=8880"},{"taxonomy":"product_tag","embeddable":true,"href":"https:\/\/host3.hellowebtunisie.com\/~smilecle\/wp-json\/wp\/v2\/product_tag?post=8880"}],"curies":[{"name":"wp","href":"https:\/\/api.w.org\/{rel}","templated":true}]}}