{"id":8852,"date":"2024-07-01T15:08:25","date_gmt":"2024-07-01T13:08:25","guid":{"rendered":"https:\/\/host3.hellowebtunisie.com\/~smilecle\/?post_type=product&#038;p=8852"},"modified":"2024-07-03T11:44:26","modified_gmt":"2024-07-03T09:44:26","slug":"assouplissant-floral","status":"publish","type":"product","link":"https:\/\/host3.hellowebtunisie.com\/~smilecle\/produit\/assouplissant-floral","title":{"rendered":"Assouplissant Floral"},"content":{"rendered":"<p>D\u00e9couvrez notre assouplissant floral, id\u00e9al pour rendre votre linge doux et soyeux. Profitez d&rsquo;une douceur extr\u00eame et d&rsquo;un parfum floral agr\u00e9able qui enveloppe vos v\u00eatements d&rsquo;une sensation d\u00e9licate.<\/p>\n","protected":false},"excerpt":{"rendered":"<p>D\u00e9couvrez notre assouplissant floral, id\u00e9al pour rendre votre linge doux et soyeux. Profitez d&rsquo;une douceur extr\u00eame et d&rsquo;un parfum floral<\/p>\n","protected":false},"featured_media":8853,"template":"","meta":[],"product_cat":[80],"product_tag":[],"class_list":{"0":"post-8852","1":"product","2":"type-product","3":"status-publish","4":"has-post-thumbnail","6":"product_cat-assouplissant","8":"first","9":"instock","10":"shipping-taxable","11":"purchasable","12":"product-type-simple"},"_links":{"self":[{"href":"https:\/\/host3.hellowebtunisie.com\/~smilecle\/wp-json\/wp\/v2\/product\/8852","targetHints":{"allow":["GET"]}}],"collection":[{"href":"https:\/\/host3.hellowebtunisie.com\/~smilecle\/wp-json\/wp\/v2\/product"}],"about":[{"href":"https:\/\/host3.hellowebtunisie.com\/~smilecle\/wp-json\/wp\/v2\/types\/product"}],"version-history":[{"count":2,"href":"https:\/\/host3.hellowebtunisie.com\/~smilecle\/wp-json\/wp\/v2\/product\/8852\/revisions"}],"predecessor-version":[{"id":9001,"href":"https:\/\/host3.hellowebtunisie.com\/~smilecle\/wp-json\/wp\/v2\/product\/8852\/revisions\/9001"}],"wp:featuredmedia":[{"embeddable":true,"href":"https:\/\/host3.hellowebtunisie.com\/~smilecle\/wp-json\/wp\/v2\/media\/8853"}],"wp:attachment":[{"href":"https:\/\/host3.hellowebtunisie.com\/~smilecle\/wp-json\/wp\/v2\/media?parent=8852"}],"wp:term":[{"taxonomy":"product_cat","embeddable":true,"href":"https:\/\/host3.hellowebtunisie.com\/~smilecle\/wp-json\/wp\/v2\/product_cat?post=8852"},{"taxonomy":"product_tag","embeddable":true,"href":"https:\/\/host3.hellowebtunisie.com\/~smilecle\/wp-json\/wp\/v2\/product_tag?post=8852"}],"curies":[{"name":"wp","href":"https:\/\/api.w.org\/{rel}","templated":true}]}}