{"id":8814,"date":"2024-07-01T12:40:09","date_gmt":"2024-07-01T10:40:09","guid":{"rendered":"https:\/\/host3.hellowebtunisie.com\/~smilecle\/?post_type=product&#038;p=8814"},"modified":"2024-07-03T11:40:14","modified_gmt":"2024-07-03T09:40:14","slug":"lessive-liquide-fleurs-de-chine","status":"publish","type":"product","link":"https:\/\/host3.hellowebtunisie.com\/~smilecle\/produit\/lessive-liquide-fleurs-de-chine","title":{"rendered":"Lessive Liquide Fleurs de Chine"},"content":{"rendered":"","protected":false},"excerpt":{"rendered":"<p>Optez pour la lessive liquide Fleurs de Chine, id\u00e9ale pour les machines automatiques. Cette formule sp\u00e9ciale nettoie efficacement tout en laissant un parfum envo\u00fbtant de fleurs asiatiques, assurant \u00e0 votre linge fra\u00eecheur et propret\u00e9 \u00e0 chaque lavage.<\/p>\n","protected":false},"featured_media":8815,"template":"","meta":[],"product_cat":[79],"product_tag":[],"class_list":{"0":"post-8814","1":"product","2":"type-product","3":"status-publish","4":"has-post-thumbnail","6":"product_cat-lessive-liquide","8":"first","9":"instock","10":"shipping-taxable","11":"purchasable","12":"product-type-simple"},"_links":{"self":[{"href":"https:\/\/host3.hellowebtunisie.com\/~smilecle\/wp-json\/wp\/v2\/product\/8814","targetHints":{"allow":["GET"]}}],"collection":[{"href":"https:\/\/host3.hellowebtunisie.com\/~smilecle\/wp-json\/wp\/v2\/product"}],"about":[{"href":"https:\/\/host3.hellowebtunisie.com\/~smilecle\/wp-json\/wp\/v2\/types\/product"}],"version-history":[{"count":2,"href":"https:\/\/host3.hellowebtunisie.com\/~smilecle\/wp-json\/wp\/v2\/product\/8814\/revisions"}],"predecessor-version":[{"id":9000,"href":"https:\/\/host3.hellowebtunisie.com\/~smilecle\/wp-json\/wp\/v2\/product\/8814\/revisions\/9000"}],"wp:featuredmedia":[{"embeddable":true,"href":"https:\/\/host3.hellowebtunisie.com\/~smilecle\/wp-json\/wp\/v2\/media\/8815"}],"wp:attachment":[{"href":"https:\/\/host3.hellowebtunisie.com\/~smilecle\/wp-json\/wp\/v2\/media?parent=8814"}],"wp:term":[{"taxonomy":"product_cat","embeddable":true,"href":"https:\/\/host3.hellowebtunisie.com\/~smilecle\/wp-json\/wp\/v2\/product_cat?post=8814"},{"taxonomy":"product_tag","embeddable":true,"href":"https:\/\/host3.hellowebtunisie.com\/~smilecle\/wp-json\/wp\/v2\/product_tag?post=8814"}],"curies":[{"name":"wp","href":"https:\/\/api.w.org\/{rel}","templated":true}]}}