{"id":8805,"date":"2024-06-28T15:38:18","date_gmt":"2024-06-28T13:38:18","guid":{"rendered":"https:\/\/host3.hellowebtunisie.com\/~smilecle\/?post_type=product&#038;p=8805"},"modified":"2024-07-03T11:34:31","modified_gmt":"2024-07-03T09:34:31","slug":"desodorisant-sols-et-surfaces-fawah","status":"publish","type":"product","link":"https:\/\/host3.hellowebtunisie.com\/~smilecle\/produit\/desodorisant-sols-et-surfaces-fawah","title":{"rendered":"D\u00e9sodorisant sols et surfaces Fawah"},"content":{"rendered":"","protected":false},"excerpt":{"rendered":"<p>Transformez votre espace avec le d\u00e9sodorisant sols et surfaces Fawah . Ce produit parfum\u00e9 offre non seulement une agr\u00e9able fragrance florale, mais aussi un nettoyage efficace qui laisse vos surfaces \u00e9tincelantes et rafra\u00eechies.<\/p>\n","protected":false},"featured_media":8806,"template":"","meta":[],"product_cat":[78],"product_tag":[],"class_list":{"0":"post-8805","1":"product","2":"type-product","3":"status-publish","4":"has-post-thumbnail","6":"product_cat-gresil","8":"first","9":"instock","10":"shipping-taxable","11":"purchasable","12":"product-type-simple"},"_links":{"self":[{"href":"https:\/\/host3.hellowebtunisie.com\/~smilecle\/wp-json\/wp\/v2\/product\/8805","targetHints":{"allow":["GET"]}}],"collection":[{"href":"https:\/\/host3.hellowebtunisie.com\/~smilecle\/wp-json\/wp\/v2\/product"}],"about":[{"href":"https:\/\/host3.hellowebtunisie.com\/~smilecle\/wp-json\/wp\/v2\/types\/product"}],"version-history":[{"count":2,"href":"https:\/\/host3.hellowebtunisie.com\/~smilecle\/wp-json\/wp\/v2\/product\/8805\/revisions"}],"predecessor-version":[{"id":8996,"href":"https:\/\/host3.hellowebtunisie.com\/~smilecle\/wp-json\/wp\/v2\/product\/8805\/revisions\/8996"}],"wp:featuredmedia":[{"embeddable":true,"href":"https:\/\/host3.hellowebtunisie.com\/~smilecle\/wp-json\/wp\/v2\/media\/8806"}],"wp:attachment":[{"href":"https:\/\/host3.hellowebtunisie.com\/~smilecle\/wp-json\/wp\/v2\/media?parent=8805"}],"wp:term":[{"taxonomy":"product_cat","embeddable":true,"href":"https:\/\/host3.hellowebtunisie.com\/~smilecle\/wp-json\/wp\/v2\/product_cat?post=8805"},{"taxonomy":"product_tag","embeddable":true,"href":"https:\/\/host3.hellowebtunisie.com\/~smilecle\/wp-json\/wp\/v2\/product_tag?post=8805"}],"curies":[{"name":"wp","href":"https:\/\/api.w.org\/{rel}","templated":true}]}}