{"id":8730,"date":"2024-06-26T12:15:38","date_gmt":"2024-06-26T10:15:38","guid":{"rendered":"https:\/\/host3.hellowebtunisie.com\/~smilecle\/?post_type=product&#038;p=8730"},"modified":"2024-07-03T11:31:38","modified_gmt":"2024-07-03T09:31:38","slug":"air-fresh-bergamote","status":"publish","type":"product","link":"https:\/\/host3.hellowebtunisie.com\/~smilecle\/produit\/air-fresh-bergamote","title":{"rendered":"Air Fresh Bergamote"},"content":{"rendered":"","protected":false},"excerpt":{"rendered":"<p>Red\u00e9couvrez la fra\u00eecheur avec Air Fresh Bergamote. Ce parfum d\u00e9licat capture l&rsquo;essence vivifiante de la bergamote, offrant une atmosph\u00e8re revitalisante dans votre int\u00e9rieur. Profitez d&rsquo;une senteur agr\u00e9able qui \u00e9veille les sens et cr\u00e9e une ambiance accueillante.<\/p>\n","protected":false},"featured_media":8731,"template":"","meta":[],"product_cat":[74],"product_tag":[],"class_list":{"0":"post-8730","1":"product","2":"type-product","3":"status-publish","4":"has-post-thumbnail","6":"product_cat-air-fresh","8":"first","9":"instock","10":"shipping-taxable","11":"purchasable","12":"product-type-simple"},"_links":{"self":[{"href":"https:\/\/host3.hellowebtunisie.com\/~smilecle\/wp-json\/wp\/v2\/product\/8730","targetHints":{"allow":["GET"]}}],"collection":[{"href":"https:\/\/host3.hellowebtunisie.com\/~smilecle\/wp-json\/wp\/v2\/product"}],"about":[{"href":"https:\/\/host3.hellowebtunisie.com\/~smilecle\/wp-json\/wp\/v2\/types\/product"}],"version-history":[{"count":2,"href":"https:\/\/host3.hellowebtunisie.com\/~smilecle\/wp-json\/wp\/v2\/product\/8730\/revisions"}],"predecessor-version":[{"id":8985,"href":"https:\/\/host3.hellowebtunisie.com\/~smilecle\/wp-json\/wp\/v2\/product\/8730\/revisions\/8985"}],"wp:featuredmedia":[{"embeddable":true,"href":"https:\/\/host3.hellowebtunisie.com\/~smilecle\/wp-json\/wp\/v2\/media\/8731"}],"wp:attachment":[{"href":"https:\/\/host3.hellowebtunisie.com\/~smilecle\/wp-json\/wp\/v2\/media?parent=8730"}],"wp:term":[{"taxonomy":"product_cat","embeddable":true,"href":"https:\/\/host3.hellowebtunisie.com\/~smilecle\/wp-json\/wp\/v2\/product_cat?post=8730"},{"taxonomy":"product_tag","embeddable":true,"href":"https:\/\/host3.hellowebtunisie.com\/~smilecle\/wp-json\/wp\/v2\/product_tag?post=8730"}],"curies":[{"name":"wp","href":"https:\/\/api.w.org\/{rel}","templated":true}]}}