{"id":8683,"date":"2024-05-23T16:13:18","date_gmt":"2024-05-23T14:13:18","guid":{"rendered":"https:\/\/host3.hellowebtunisie.com\/~smilecle\/?page_id=8683"},"modified":"2024-05-23T16:50:34","modified_gmt":"2024-05-23T14:50:34","slug":"contact","status":"publish","type":"page","link":"https:\/\/host3.hellowebtunisie.com\/~smilecle\/contact","title":{"rendered":"Contact"},"content":{"rendered":"\t\t<div data-elementor-type=\"wp-page\" data-elementor-id=\"8683\" class=\"elementor elementor-8683\">\n\t\t\t\t<div class=\"elementor-element elementor-element-7d44244 e-flex e-con-boxed e-con e-parent\" data-id=\"7d44244\" data-element_type=\"container\" data-core-v316-plus=\"true\">\n\t\t\t\t\t<div class=\"e-con-inner\">\n\t\t<div class=\"elementor-element elementor-element-7817e75 e-con-full e-flex e-con e-child\" data-id=\"7817e75\" data-element_type=\"container\">\n\t\t\t\t<div class=\"elementor-element elementor-element-fa61ccb elementor-widget elementor-widget-image\" data-id=\"fa61ccb\" data-element_type=\"widget\" data-widget_type=\"image.default\">\n\t\t\t\t<div class=\"elementor-widget-container\">\n\t\t\t<style>\/*! elementor - v3.20.0 - 13-03-2024 *\/\n.elementor-widget-image{text-align:center}.elementor-widget-image a{display:inline-block}.elementor-widget-image a img[src$=\".svg\"]{width:48px}.elementor-widget-image img{vertical-align:middle;display:inline-block}<\/style>\t\t\t\t\t\t\t<figure class=\"wp-caption\">\n\t\t\t\t\t\t\t\t\t\t<img fetchpriority=\"high\" decoding=\"async\" width=\"512\" height=\"512\" src=\"https:\/\/host3.hellowebtunisie.com\/~smilecle\/wp-content\/uploads\/2024\/05\/pin.png\" class=\"attachment-large size-large wp-image-8687\" alt=\"\" srcset=\"https:\/\/host3.hellowebtunisie.com\/~smilecle\/wp-content\/uploads\/2024\/05\/pin.png 512w, https:\/\/host3.hellowebtunisie.com\/~smilecle\/wp-content\/uploads\/2024\/05\/pin-300x300.png 300w, https:\/\/host3.hellowebtunisie.com\/~smilecle\/wp-content\/uploads\/2024\/05\/pin-150x150.png 150w, https:\/\/host3.hellowebtunisie.com\/~smilecle\/wp-content\/uploads\/2024\/05\/pin-430x430.png 430w\" sizes=\"(max-width: 512px) 100vw, 512px\" \/>\t\t\t\t\t\t\t\t\t\t\t<figcaption class=\"widget-image-caption wp-caption-text\">Adresse : Tunisie-tunisie<\/figcaption>\n\t\t\t\t\t\t\t\t\t\t<\/figure>\n\t\t\t\t\t\t\t<\/div>\n\t\t\t\t<\/div>\n\t\t\t\t<\/div>\n\t\t<div class=\"elementor-element elementor-element-01d7e00 e-con-full e-flex e-con e-child\" data-id=\"01d7e00\" data-element_type=\"container\">\n\t\t\t\t<div class=\"elementor-element elementor-element-31158ad elementor-widget elementor-widget-image\" data-id=\"31158ad\" data-element_type=\"widget\" data-widget_type=\"image.default\">\n\t\t\t\t<div class=\"elementor-widget-container\">\n\t\t\t\t\t\t\t\t\t\t<figure class=\"wp-caption\">\n\t\t\t\t\t\t\t\t\t\t<img decoding=\"async\" width=\"512\" height=\"512\" src=\"https:\/\/host3.hellowebtunisie.com\/~smilecle\/wp-content\/uploads\/2024\/05\/telephone-call.png\" class=\"attachment-large size-large wp-image-8688\" alt=\"\" srcset=\"https:\/\/host3.hellowebtunisie.com\/~smilecle\/wp-content\/uploads\/2024\/05\/telephone-call.png 512w, https:\/\/host3.hellowebtunisie.com\/~smilecle\/wp-content\/uploads\/2024\/05\/telephone-call-300x300.png 300w, https:\/\/host3.hellowebtunisie.com\/~smilecle\/wp-content\/uploads\/2024\/05\/telephone-call-150x150.png 150w, https:\/\/host3.hellowebtunisie.com\/~smilecle\/wp-content\/uploads\/2024\/05\/telephone-call-430x430.png 430w\" sizes=\"(max-width: 512px) 100vw, 512px\" \/>\t\t\t\t\t\t\t\t\t\t\t<figcaption class=\"widget-image-caption wp-caption-text\">+216 24 924 106<\/figcaption>\n\t\t\t\t\t\t\t\t\t\t<\/figure>\n\t\t\t\t\t\t\t<\/div>\n\t\t\t\t<\/div>\n\t\t\t\t<\/div>\n\t\t<div class=\"elementor-element elementor-element-cd5bf56 e-con-full e-flex e-con e-child\" data-id=\"cd5bf56\" data-element_type=\"container\">\n\t\t\t\t<div class=\"elementor-element elementor-element-b105f24 elementor-widget elementor-widget-image\" data-id=\"b105f24\" data-element_type=\"widget\" data-widget_type=\"image.default\">\n\t\t\t\t<div class=\"elementor-widget-container\">\n\t\t\t\t\t\t\t\t\t\t<figure class=\"wp-caption\">\n\t\t\t\t\t\t\t\t\t\t<img decoding=\"async\" width=\"512\" height=\"512\" src=\"https:\/\/host3.hellowebtunisie.com\/~smilecle\/wp-content\/uploads\/2024\/05\/email.png\" class=\"attachment-large size-large wp-image-8689\" alt=\"\" srcset=\"https:\/\/host3.hellowebtunisie.com\/~smilecle\/wp-content\/uploads\/2024\/05\/email.png 512w, https:\/\/host3.hellowebtunisie.com\/~smilecle\/wp-content\/uploads\/2024\/05\/email-300x300.png 300w, https:\/\/host3.hellowebtunisie.com\/~smilecle\/wp-content\/uploads\/2024\/05\/email-150x150.png 150w, https:\/\/host3.hellowebtunisie.com\/~smilecle\/wp-content\/uploads\/2024\/05\/email-430x430.png 430w\" sizes=\"(max-width: 512px) 100vw, 512px\" \/>\t\t\t\t\t\t\t\t\t\t\t<figcaption class=\"widget-image-caption wp-caption-text\">contact@smileclean.com<\/figcaption>\n\t\t\t\t\t\t\t\t\t\t<\/figure>\n\t\t\t\t\t\t\t<\/div>\n\t\t\t\t<\/div>\n\t\t\t\t<\/div>\n\t\t\t\t\t<\/div>\n\t\t\t\t<\/div>\n\t\t<div class=\"elementor-element elementor-element-0974876 e-flex e-con-boxed e-con e-parent\" data-id=\"0974876\" data-element_type=\"container\" data-core-v316-plus=\"true\">\n\t\t\t\t\t<div class=\"e-con-inner\">\n\t\t\t\t<div class=\"elementor-element elementor-element-226c778 elementor-widget elementor-widget-wd_contact_form_7\" data-id=\"226c778\" data-element_type=\"widget\" data-widget_type=\"wd_contact_form_7.default\">\n\t\t\t\t<div class=\"elementor-widget-container\">\n\t\t\t\n<div class=\"wpcf7 no-js\" id=\"wpcf7-f8704-o1\" lang=\"fr-FR\" dir=\"ltr\">\n<div class=\"screen-reader-response\"><p role=\"status\" aria-live=\"polite\" aria-atomic=\"true\"><\/p> <ul><\/ul><\/div>\n<form action=\"\/~smilecle\/wp-json\/wp\/v2\/pages\/8683#wpcf7-f8704-o1\" method=\"post\" class=\"wpcf7-form init\" aria-label=\"Formulaire de contact\" novalidate=\"novalidate\" data-status=\"init\">\n<div style=\"display: none;\">\n<input type=\"hidden\" name=\"_wpcf7\" value=\"8704\" \/>\n<input type=\"hidden\" name=\"_wpcf7_version\" value=\"5.9.2\" \/>\n<input type=\"hidden\" name=\"_wpcf7_locale\" value=\"fr_FR\" \/>\n<input type=\"hidden\" name=\"_wpcf7_unit_tag\" value=\"wpcf7-f8704-o1\" \/>\n<input type=\"hidden\" name=\"_wpcf7_container_post\" value=\"0\" \/>\n<input type=\"hidden\" name=\"_wpcf7_posted_data_hash\" value=\"\" \/>\n<\/div>\n<p><label> Votre nom<br \/>\n<span class=\"wpcf7-form-control-wrap\" data-name=\"your-name\"><input size=\"40\" class=\"wpcf7-form-control wpcf7-text wpcf7-validates-as-required\" autocomplete=\"name\" aria-required=\"true\" aria-invalid=\"false\" value=\"\" type=\"text\" name=\"your-name\" \/><\/span> <\/label>\n<\/p>\n<p><label> Votre e-mail<br \/>\n<span class=\"wpcf7-form-control-wrap\" data-name=\"your-email\"><input size=\"40\" class=\"wpcf7-form-control wpcf7-email wpcf7-validates-as-required wpcf7-text wpcf7-validates-as-email\" autocomplete=\"email\" aria-required=\"true\" aria-invalid=\"false\" value=\"\" type=\"email\" name=\"your-email\" \/><\/span> <\/label>\n<\/p>\n<p><label> Votre num\u00e9ro t\u00e9l\u00e9phone<br \/>\n<span class=\"wpcf7-form-control-wrap\" data-name=\"tel-492\"><input size=\"40\" class=\"wpcf7-form-control wpcf7-tel wpcf7-validates-as-required wpcf7-text wpcf7-validates-as-tel\" aria-required=\"true\" aria-invalid=\"false\" value=\"\" type=\"tel\" name=\"tel-492\" \/><\/span> <\/label>\n<\/p>\n<p><label> Objet<br \/>\n<span class=\"wpcf7-form-control-wrap\" data-name=\"your-subject\"><input size=\"40\" class=\"wpcf7-form-control wpcf7-text wpcf7-validates-as-required\" aria-required=\"true\" aria-invalid=\"false\" value=\"\" type=\"text\" name=\"your-subject\" \/><\/span> <\/label>\n<\/p>\n<p><label> Votre message (facultatif)<br \/>\n<span class=\"wpcf7-form-control-wrap\" data-name=\"your-message\"><textarea cols=\"40\" rows=\"10\" class=\"wpcf7-form-control wpcf7-textarea\" aria-invalid=\"false\" name=\"your-message\"><\/textarea><\/span> <\/label>\n<\/p>\n<p><input class=\"wpcf7-form-control wpcf7-submit has-spinner\" type=\"submit\" value=\"Envoyer\" \/>\n<\/p><div class=\"wpcf7-response-output\" aria-hidden=\"true\"><\/div>\n<\/form>\n<\/div>\n\t\t<\/div>\n\t\t\t\t<\/div>\n\t\t\t\t\t<\/div>\n\t\t\t\t<\/div>\n\t\t\t\t<\/div>\n\t\t","protected":false},"excerpt":{"rendered":"<p>Adresse : Tunisie-tunisie +216 24 924 106 contact@smileclean.com Votre nom Votre e-mail Votre num\u00e9ro t\u00e9l\u00e9phone Objet Votre message (facultatif)<\/p>\n","protected":false},"author":1,"featured_media":0,"parent":0,"menu_order":0,"comment_status":"closed","ping_status":"closed","template":"elementor_header_footer","meta":{"footnotes":""},"class_list":["post-8683","page","type-page","status-publish","hentry"],"_links":{"self":[{"href":"https:\/\/host3.hellowebtunisie.com\/~smilecle\/wp-json\/wp\/v2\/pages\/8683","targetHints":{"allow":["GET"]}}],"collection":[{"href":"https:\/\/host3.hellowebtunisie.com\/~smilecle\/wp-json\/wp\/v2\/pages"}],"about":[{"href":"https:\/\/host3.hellowebtunisie.com\/~smilecle\/wp-json\/wp\/v2\/types\/page"}],"author":[{"embeddable":true,"href":"https:\/\/host3.hellowebtunisie.com\/~smilecle\/wp-json\/wp\/v2\/users\/1"}],"replies":[{"embeddable":true,"href":"https:\/\/host3.hellowebtunisie.com\/~smilecle\/wp-json\/wp\/v2\/comments?post=8683"}],"version-history":[{"count":16,"href":"https:\/\/host3.hellowebtunisie.com\/~smilecle\/wp-json\/wp\/v2\/pages\/8683\/revisions"}],"predecessor-version":[{"id":8707,"href":"https:\/\/host3.hellowebtunisie.com\/~smilecle\/wp-json\/wp\/v2\/pages\/8683\/revisions\/8707"}],"wp:attachment":[{"href":"https:\/\/host3.hellowebtunisie.com\/~smilecle\/wp-json\/wp\/v2\/media?parent=8683"}],"curies":[{"name":"wp","href":"https:\/\/api.w.org\/{rel}","templated":true}]}}