{"id":3261,"date":"2023-05-19T17:43:18","date_gmt":"2023-05-19T15:43:18","guid":{"rendered":"https:\/\/host3.hellowebtunisie.com\/~natuskin\/?post_type=product&#038;p=3261"},"modified":"2023-07-18T15:21:56","modified_gmt":"2023-07-18T13:21:56","slug":"solution-micellaire-250-ml","status":"publish","type":"product","link":"https:\/\/host3.hellowebtunisie.com\/~natuskin\/produit\/solution-micellaire-250-ml\/","title":{"rendered":"Solution Micellaire 250 ml"},"content":{"rendered":"","protected":false},"excerpt":{"rendered":"<p style=\"text-align: left;\"><strong> Caract\u00e9ristiques<\/strong><br \/>\n\u2022 La solution micellaire est un nettoyant doux et efficace qui \u00e9limine les impuret\u00e9s, le maquillage et l&rsquo;exc\u00e8s de s\u00e9bum de la peau, tout en la laissant fra\u00eeche et hydrat\u00e9e.<br \/>\n<strong>Composition<\/strong><br \/>\n\u2022 Contient de l&rsquo;huile d&rsquo;olive hyperoxyg\u00e9n\u00e9e, qui est riche en antioxydants et en acides gras essentiels. Cette huile nourrit et hydrate la peau en profondeur, tout en aidant \u00e0 prot\u00e9ger contre les agressions ext\u00e9rieures et \u00e0 pr\u00e9venir le vieillissement pr\u00e9matur\u00e9.<br \/>\n\u2022 Enrichi en provitamine B5 (panth\u00e9nol), un ingr\u00e9dient connu pour ses propri\u00e9t\u00e9s apaisantes et hydratantes. Il aide \u00e0 renforcer la barri\u00e8re cutan\u00e9e, \u00e0 apaiser les irritations et \u00e0 maintenir l&rsquo;hydratation naturelle de la peau.<br \/>\n<strong>Texture :<\/strong><br \/>\n\u2022Texture l\u00e9g\u00e8re et non grasse, ce qui la rend agr\u00e9able \u00e0 utiliser<br \/>\n\u2022Les micelles pr\u00e9sentes dans la solution agissent comme de petits aimants, capturant les impuret\u00e9s et le maquillage pour un nettoyage en douceur et en profondeur.<br \/>\n&#8211; La solution micellaire peut \u00eatre utilis\u00e9e quotidiennement, matin et soir, pour nettoyer la peau et pr\u00e9parer le visage \u00e0 l&rsquo;application des soins suivants.<br \/>\n<strong>R\u00e9sultats :<\/strong><br \/>\n\u2022 En l&rsquo;utilisant r\u00e9guli\u00e8rement, vous pourrez \u00e9liminer les impuret\u00e9s, le maquillage et l&rsquo;exc\u00e8s de s\u00e9bum, tout en hydratant et en apaisant votre peau. Profitez des bienfaits nourrissants de l&rsquo;huile d&rsquo;olive et de l&rsquo;hydratation apaisante de la provitamine B5 pour une peau propre, fra\u00eeche et \u00e9clatante.<\/p>\n","protected":false},"featured_media":3482,"comment_status":"closed","ping_status":"closed","template":"","meta":[],"product_cat":[47],"product_tag":[],"class_list":["post-3261","product","type-product","status-publish","has-post-thumbnail","hentry","product_cat-natuskin"],"_links":{"self":[{"href":"https:\/\/host3.hellowebtunisie.com\/~natuskin\/wp-json\/wp\/v2\/product\/3261","targetHints":{"allow":["GET"]}}],"collection":[{"href":"https:\/\/host3.hellowebtunisie.com\/~natuskin\/wp-json\/wp\/v2\/product"}],"about":[{"href":"https:\/\/host3.hellowebtunisie.com\/~natuskin\/wp-json\/wp\/v2\/types\/product"}],"replies":[{"embeddable":true,"href":"https:\/\/host3.hellowebtunisie.com\/~natuskin\/wp-json\/wp\/v2\/comments?post=3261"}],"wp:featuredmedia":[{"embeddable":true,"href":"https:\/\/host3.hellowebtunisie.com\/~natuskin\/wp-json\/wp\/v2\/media\/3482"}],"wp:attachment":[{"href":"https:\/\/host3.hellowebtunisie.com\/~natuskin\/wp-json\/wp\/v2\/media?parent=3261"}],"wp:term":[{"taxonomy":"product_cat","embeddable":true,"href":"https:\/\/host3.hellowebtunisie.com\/~natuskin\/wp-json\/wp\/v2\/product_cat?post=3261"},{"taxonomy":"product_tag","embeddable":true,"href":"https:\/\/host3.hellowebtunisie.com\/~natuskin\/wp-json\/wp\/v2\/product_tag?post=3261"}],"curies":[{"name":"wp","href":"https:\/\/api.w.org\/{rel}","templated":true}]}}