{"id":3256,"date":"2023-05-19T17:39:11","date_gmt":"2023-05-19T15:39:11","guid":{"rendered":"https:\/\/host3.hellowebtunisie.com\/~natuskin\/?post_type=product&#038;p=3256"},"modified":"2023-07-18T15:26:40","modified_gmt":"2023-07-18T13:26:40","slug":"creme-eclaircissanteanti-taches-anti-rides-50-ml","status":"publish","type":"product","link":"https:\/\/host3.hellowebtunisie.com\/~natuskin\/produit\/creme-eclaircissanteanti-taches-anti-rides-50-ml\/","title":{"rendered":"Cr\u00e8me \u00e9claircissante,anti t\u00e2ches ,anti rides 50 ml"},"content":{"rendered":"","protected":false},"excerpt":{"rendered":"<p style=\"text-align: left;\"><strong> Caract\u00e9ristiques<\/strong><br \/>\n\u2022 Une formule sp\u00e9cialement con\u00e7ue pour cibler les taches pigmentaires et les rides, tout en offrant une protection solaire avec un SPF 15.<br \/>\n<strong>Composition<\/strong><br \/>\n\u2022 Contient de l&rsquo;huile d&rsquo;olive hyperoxyg\u00e9n\u00e9e, qui est riche en antioxydants et en nutriments essentiels pour nourrir et r\u00e9g\u00e9n\u00e9rer la peau, tout en aidant \u00e0 att\u00e9nuer les taches et \u00e0 am\u00e9liorer son \u00e9clat.<br \/>\n\u2022 Enrichie en acide kojique, un agent \u00e9claircissant naturel qui aide \u00e0 r\u00e9duire l&rsquo;apparence des taches pigmentaires et \u00e0 unifier le teint de la peau.<br \/>\n\u2022 Comprend de l&rsquo;acide hyaluronique, qui offre une hydratation en profondeur et aide \u00e0 lisser les rides et ridules, donnant ainsi \u00e0 la peau une apparence plus jeune et plus lisse.<br \/>\n\u2022 La pr\u00e9sence d&rsquo;un SPF 15 prot\u00e8ge la peau contre les rayons UV nocifs du soleil, contribuant ainsi \u00e0 pr\u00e9venir de nouvelles taches et le vieillissement pr\u00e9matur\u00e9 de la peau.<br \/>\n<strong>Texture :<\/strong><br \/>\n\u2022 Sa texture l\u00e9g\u00e8re et cr\u00e9meuse p\u00e9n\u00e8tre facilement dans la peau sans laisser de r\u00e9sidu gras, offrant une sensation de confort toute la journ\u00e9e.<br \/>\n<strong>R\u00e9sultats :<\/strong><br \/>\n\u2022Cette cr\u00e8me \u00e9claircissante anti-taches et anti-rides est sp\u00e9cialement formul\u00e9e pour cibler les probl\u00e8mes de pigmentation et de vieillissement de la peau. En l&rsquo;utilisant r\u00e9guli\u00e8rement, vous pourrez att\u00e9nuer les taches, unifier le teint, r\u00e9duire l&rsquo;apparence des rides et prot\u00e9ger votre peau des dommages caus\u00e9s par les rayons UV. La combinaison d&rsquo;ingr\u00e9dients actifs offre des bienfaits \u00e9claircissants, hydratants et anti-\u00e2ge pour une peau visiblement plus lumineuse, plus uniforme et plus jeune.<\/p>\n","protected":false},"featured_media":3483,"comment_status":"closed","ping_status":"closed","template":"","meta":[],"product_cat":[47],"product_tag":[],"class_list":["post-3256","product","type-product","status-publish","has-post-thumbnail","hentry","product_cat-natuskin"],"_links":{"self":[{"href":"https:\/\/host3.hellowebtunisie.com\/~natuskin\/wp-json\/wp\/v2\/product\/3256","targetHints":{"allow":["GET"]}}],"collection":[{"href":"https:\/\/host3.hellowebtunisie.com\/~natuskin\/wp-json\/wp\/v2\/product"}],"about":[{"href":"https:\/\/host3.hellowebtunisie.com\/~natuskin\/wp-json\/wp\/v2\/types\/product"}],"replies":[{"embeddable":true,"href":"https:\/\/host3.hellowebtunisie.com\/~natuskin\/wp-json\/wp\/v2\/comments?post=3256"}],"wp:featuredmedia":[{"embeddable":true,"href":"https:\/\/host3.hellowebtunisie.com\/~natuskin\/wp-json\/wp\/v2\/media\/3483"}],"wp:attachment":[{"href":"https:\/\/host3.hellowebtunisie.com\/~natuskin\/wp-json\/wp\/v2\/media?parent=3256"}],"wp:term":[{"taxonomy":"product_cat","embeddable":true,"href":"https:\/\/host3.hellowebtunisie.com\/~natuskin\/wp-json\/wp\/v2\/product_cat?post=3256"},{"taxonomy":"product_tag","embeddable":true,"href":"https:\/\/host3.hellowebtunisie.com\/~natuskin\/wp-json\/wp\/v2\/product_tag?post=3256"}],"curies":[{"name":"wp","href":"https:\/\/api.w.org\/{rel}","templated":true}]}}