{"id":3252,"date":"2023-05-19T17:36:33","date_gmt":"2023-05-19T15:36:33","guid":{"rendered":"https:\/\/host3.hellowebtunisie.com\/~natuskin\/?post_type=product&#038;p=3252"},"modified":"2023-07-18T15:18:54","modified_gmt":"2023-07-18T13:18:54","slug":"masque-kaolin-eclaircissantnettoyant-anti-rides-100ml","status":"publish","type":"product","link":"https:\/\/host3.hellowebtunisie.com\/~natuskin\/produit\/masque-kaolin-eclaircissantnettoyant-anti-rides-100ml\/","title":{"rendered":"Masque kaolin \u00e9claircissant,nettoyant, anti rides 100ml"},"content":{"rendered":"","protected":false},"excerpt":{"rendered":"<p style=\"text-align: left;\"><strong>Caract\u00e9ristiques<\/strong><br \/>\npurifier la peau en profondeur, r\u00e9duire l&rsquo;apparence des taches pigmentaires et am\u00e9liorer la texture de la peau.<br \/>\n<strong>Composition :<\/strong><br \/>\n\u2022Le masque est formul\u00e9 \u00e0 base de kaolin, une argile naturelle r\u00e9put\u00e9e pour ses propri\u00e9t\u00e9s purifiantes et absorbantes. Il aide \u00e0 \u00e9liminer les impuret\u00e9s, l&rsquo;exc\u00e8s de s\u00e9bum et les toxines de la peau, la laissant fra\u00eeche et revitalis\u00e9e.<br \/>\n\u2022 Contient de l&rsquo;acide kojique, un ingr\u00e9dient r\u00e9put\u00e9 pour ses propri\u00e9t\u00e9s \u00e9claircissantes et uniformisantes. Il contribue \u00e0 att\u00e9nuer les taches pigmentaires et \u00e0 am\u00e9liorer la luminosit\u00e9 de la peau.<br \/>\n\u2022Enrichi en collag\u00e8ne, une prot\u00e9ine essentielle pour maintenir l&rsquo;\u00e9lasticit\u00e9 et la fermet\u00e9 de la peau. Le collag\u00e8ne aide \u00e0 lisser les ridules et \u00e0 am\u00e9liorer la texture globale de la peau.<br \/>\n&#8211; Comprend un extrait de feuille d&rsquo;olivier, connue pour ses propri\u00e9t\u00e9s antioxydantes et apaisantes. Cet extrait aide \u00e0 nourrir la peau en profondeur, \u00e0 prot\u00e9ger contre les dommages des radicaux libres et \u00e0 apaiser les irritations \u00e9ventuelles.<br \/>\n<strong>Texture<\/strong><br \/>\n\u2022 La texture cr\u00e9meuse du masque facilite son application et son retrait. Il s\u00e8che l\u00e9g\u00e8rement en formant un film sur la peau, ce qui permet d&rsquo;optimiser l&rsquo;efficacit\u00e9 des ingr\u00e9dients actifs.<\/p>\n<p style=\"text-align: left;\"><strong>R\u00e9sultats : <\/strong><br \/>\n\u2022 En l&rsquo;appliquant r\u00e9guli\u00e8rement, vous pourrez purifier votre peau, r\u00e9duire les taches pigmentaires, am\u00e9liorer son \u00e9clat et sa texture globale. Profitez des bienfaits du kaolin, de l&rsquo;acide kojique, du collag\u00e8ne et de l&rsquo;extrait de feuille d&rsquo;olivier pour obtenir une peau plus nette, plus lumineuse et plus revitalis\u00e9e.<\/p>\n<div class=\"callout\" data-closable=\"\"><\/div>\n","protected":false},"featured_media":3457,"comment_status":"closed","ping_status":"closed","template":"","meta":[],"product_cat":[47],"product_tag":[],"class_list":["post-3252","product","type-product","status-publish","has-post-thumbnail","hentry","product_cat-natuskin"],"_links":{"self":[{"href":"https:\/\/host3.hellowebtunisie.com\/~natuskin\/wp-json\/wp\/v2\/product\/3252","targetHints":{"allow":["GET"]}}],"collection":[{"href":"https:\/\/host3.hellowebtunisie.com\/~natuskin\/wp-json\/wp\/v2\/product"}],"about":[{"href":"https:\/\/host3.hellowebtunisie.com\/~natuskin\/wp-json\/wp\/v2\/types\/product"}],"replies":[{"embeddable":true,"href":"https:\/\/host3.hellowebtunisie.com\/~natuskin\/wp-json\/wp\/v2\/comments?post=3252"}],"wp:featuredmedia":[{"embeddable":true,"href":"https:\/\/host3.hellowebtunisie.com\/~natuskin\/wp-json\/wp\/v2\/media\/3457"}],"wp:attachment":[{"href":"https:\/\/host3.hellowebtunisie.com\/~natuskin\/wp-json\/wp\/v2\/media?parent=3252"}],"wp:term":[{"taxonomy":"product_cat","embeddable":true,"href":"https:\/\/host3.hellowebtunisie.com\/~natuskin\/wp-json\/wp\/v2\/product_cat?post=3252"},{"taxonomy":"product_tag","embeddable":true,"href":"https:\/\/host3.hellowebtunisie.com\/~natuskin\/wp-json\/wp\/v2\/product_tag?post=3252"}],"curies":[{"name":"wp","href":"https:\/\/api.w.org\/{rel}","templated":true}]}}