{"id":3246,"date":"2023-05-19T17:31:01","date_gmt":"2023-05-19T15:31:01","guid":{"rendered":"https:\/\/host3.hellowebtunisie.com\/~natuskin\/?post_type=product&#038;p=3246"},"modified":"2023-07-18T15:33:44","modified_gmt":"2023-07-18T13:33:44","slug":"gel-nettoyant-purifiant-300-ml","status":"publish","type":"product","link":"https:\/\/host3.hellowebtunisie.com\/~natuskin\/produit\/gel-nettoyant-purifiant-300-ml\/","title":{"rendered":"Gel Nettoyant Purifiant 300 ml"},"content":{"rendered":"","protected":false},"excerpt":{"rendered":"<p style=\"text-align: left;\"><strong> Caract\u00e9ristiques :<\/strong><\/p>\n<p style=\"text-align: left;\">\u2022 Le gel nettoyant purifiant \u00e9limine efficacement les impuret\u00e9s, l&rsquo;exc\u00e8s de s\u00e9bum et les r\u00e9sidus de maquillage, laissant votre peau fra\u00eeche et propre.<\/p>\n<p style=\"text-align: left;\"><strong>Composition :<\/strong><\/p>\n<p style=\"text-align: left;\">\u2022 L&rsquo;extrait de feuille d&rsquo;olivier est connu pour ses propri\u00e9t\u00e9s antioxydantes et apaisantes. Il aide \u00e0 prot\u00e9ger la peau des agressions ext\u00e9rieures, \u00e0 r\u00e9duire les signes de l&rsquo;\u00e2ge et \u00e0 maintenir une peau saine.<br \/>\n\u2022 La busserole est un ingr\u00e9dient naturellement clarifiant et \u00e9claircissant. Elle aide \u00e0 r\u00e9duire l&rsquo;apparence des taches brunes, des imperfections et des irr\u00e9gularit\u00e9s du teint, laissant la peau plus lumineuse et uniforme.<br \/>\n\u2022 La prot\u00e9ine de soie est reconnue pour ses propri\u00e9t\u00e9s hydratantes et adoucissantes. Elle aide \u00e0 maintenir l&rsquo;hydratation de la peau, \u00e0 renforcer sa barri\u00e8re protectrice et \u00e0 am\u00e9liorer sa texture globale.<\/p>\n<p style=\"text-align: left;\"><strong>Texture<\/strong><\/p>\n<p style=\"text-align: left;\">\u2022 La texture gel du nettoyant est l\u00e9g\u00e8re et rafra\u00eechissante, facilitant son application et son rin\u00e7age.<br \/>\n\u2022Formul\u00e9 sans sulfates, parab\u00e8nes, silicones ni formald\u00e9hyde, ce gel nettoyant est doux pour la peau et respectueux de l&rsquo;environnement.<\/p>\n<p style=\"text-align: left;\"><strong>R\u00e9sultats<\/strong><br \/>\n\u2022Utilisez ce Gel Nettoyant Purifiant au quotidien pour obtenir une peau propre, rafra\u00eechie et \u00e9clatante. Profitez des bienfaits de l&rsquo;extrait de feuille d&rsquo;olivier, de la busserole et de la prot\u00e9ine de soie pour une routine de nettoyage agr\u00e9able et efficace.<\/p>\n","protected":false},"featured_media":3320,"comment_status":"closed","ping_status":"closed","template":"","meta":[],"product_cat":[47],"product_tag":[],"class_list":["post-3246","product","type-product","status-publish","has-post-thumbnail","hentry","product_cat-natuskin"],"_links":{"self":[{"href":"https:\/\/host3.hellowebtunisie.com\/~natuskin\/wp-json\/wp\/v2\/product\/3246","targetHints":{"allow":["GET"]}}],"collection":[{"href":"https:\/\/host3.hellowebtunisie.com\/~natuskin\/wp-json\/wp\/v2\/product"}],"about":[{"href":"https:\/\/host3.hellowebtunisie.com\/~natuskin\/wp-json\/wp\/v2\/types\/product"}],"replies":[{"embeddable":true,"href":"https:\/\/host3.hellowebtunisie.com\/~natuskin\/wp-json\/wp\/v2\/comments?post=3246"}],"wp:featuredmedia":[{"embeddable":true,"href":"https:\/\/host3.hellowebtunisie.com\/~natuskin\/wp-json\/wp\/v2\/media\/3320"}],"wp:attachment":[{"href":"https:\/\/host3.hellowebtunisie.com\/~natuskin\/wp-json\/wp\/v2\/media?parent=3246"}],"wp:term":[{"taxonomy":"product_cat","embeddable":true,"href":"https:\/\/host3.hellowebtunisie.com\/~natuskin\/wp-json\/wp\/v2\/product_cat?post=3246"},{"taxonomy":"product_tag","embeddable":true,"href":"https:\/\/host3.hellowebtunisie.com\/~natuskin\/wp-json\/wp\/v2\/product_tag?post=3246"}],"curies":[{"name":"wp","href":"https:\/\/api.w.org\/{rel}","templated":true}]}}