{"id":3361,"date":"2023-06-27T13:48:02","date_gmt":"2023-06-27T11:48:02","guid":{"rendered":"https:\/\/host3.hellowebtunisie.com\/~natuskin\/?page_id=3361"},"modified":"2023-06-27T13:48:53","modified_gmt":"2023-06-27T11:48:53","slug":"nos-produits","status":"publish","type":"page","link":"https:\/\/host3.hellowebtunisie.com\/~natuskin\/nos-produits\/","title":{"rendered":"Nos produits"},"content":{"rendered":"\t\t<div data-elementor-type=\"wp-page\" data-elementor-id=\"3361\" class=\"elementor elementor-3361\">\n\t\t\t\t\t\t\t\t\t<div class=\"elementor-section elementor-top-section elementor-element elementor-element-1a57870 elementor-section-boxed elementor-section-height-default elementor-section-height-default\" data-id=\"1a57870\" data-element_type=\"section\">\n\t\t\t\t\t\t<div class=\"elementor-container elementor-column-gap-default\">\n\t\t\t\t\t<div class=\"elementor-column elementor-col-100 elementor-top-column elementor-element elementor-element-8584298\" data-id=\"8584298\" data-element_type=\"column\">\n\t\t\t<div class=\"elementor-widget-wrap elementor-element-populated\">\n\t\t\t\t\t\t\t\t<div class=\"elementor-element elementor-element-659a16f elementor-widget elementor-widget-novaworks-products\" data-id=\"659a16f\" data-element_type=\"widget\" data-widget_type=\"novaworks-products.default\">\n\t\t\t\t<div class=\"elementor-widget-container\">\n\t\t\t<div class=\"woocommerce columns-3  elementor_wc_widget_659a16f_0\"><div class=\"grid-x\"><div class=\"cell small-12\"><ul class=\"products ul_products product-grid-items block-grid-3 tablet-block-grid-3 xmobile-block-grid-1 products-grid products-grid-1\">\n\n<li class=\"product_item product-grid-item product type-product post-3246 status-publish first instock product_cat-natuskin has-post-thumbnail shipping-taxable purchasable product-type-simple\">\n\n\t\n\t<div class=\"product-item\">\n\n\t\t<div class=\"product-item__thumbnail\">\n\t\t\t\t\t\t<div class=\"product-item__thumbnail_overlay\">\n\t\t\t\t\t\t<\/div>\n\t\t\t\t\t\t<a class=\"product-item-link\" href=\"https:\/\/host3.hellowebtunisie.com\/~natuskin\/produit\/gel-nettoyant-purifiant-300-ml\/\"><\/a>\n\t\t\t\t\t\t<div class=\"product-item__description--actions\">\n\t\t\t\t\t\t\t<a href=\"?add-to-cart=3246\" data-quantity=\"1\" class=\"button wp-element-button product_type_simple add_to_cart_button ajax_add_to_cart\" data-product_id=\"3246\" data-product_sku=\"\" aria-label=\"Add &ldquo;Gel Nettoyant Purifiant 300 ml&rdquo; to your cart\" rel=\"nofollow\"><i class=\"inova ic-shopping-bag\"><\/i><\/a>\n\t\t\t<a href=\"\/~natuskin\/wp-json\/wp\/v2\/pages\/3361?add_to_wishlist=3246\"\n\t\t\t\tdata-product-id=\"3246\"\n\t\t\t\tdata-product-type=\"simple\"\n\t\t\t\tdata-wishlist-url=\"https:\/\/host3.hellowebtunisie.com\/~natuskin\/liste-de-souhaits\/\"\n\t\t\t\tdata-browse-wishlist-text=\"Voir la liste d\u2019envies\"\n\t\t\t\tclass=\"nova_product_wishlist_btn add_to_wishlist\" rel=\"nofollow\">\n\t\t\t\t<i class=\"inova ic-favorite\"><\/i>\n\t\t\t<\/a>\n\n\t\t\n\t\t\t<a href=\"#\" class=\"nova_product_quick_view_btn\" data-product-id=\"3246\" rel=\"nofollow\"><i class=\"inova ic-zoom\"><\/i><\/a>\n\t\t\t\t\t\t\t\t<\/div>\n\n\t\t\t<div class=\"product-item__badges\">\n\t\t\t\t<span class=\"nova_new_product\">New!<\/span>\t\t\t<\/div>\n\n\t\t\t\n\t\t\t<div class=\"product-item__thumbnail-placeholder \">\n\t\t\t\t<a href=\"https:\/\/host3.hellowebtunisie.com\/~natuskin\/produit\/gel-nettoyant-purifiant-300-ml\/\">\n\t\t\t\t\t\t\t\t\t\t<img loading=\"lazy\" decoding=\"async\" width=\"600\" height=\"783\" src=\"https:\/\/host3.hellowebtunisie.com\/~natuskin\/wp-content\/uploads\/2023\/05\/Gel-Nettoyant-Purifiant-300-ml-600x783.jpg\" class=\"attachment-woocommerce_thumbnail size-woocommerce_thumbnail\" alt=\"\" \/>\t\t\t\t<\/a>\n\t\t\t<\/div>\n\n\t\t<\/div>\n\n\t\t<div class=\"product-item__description\">\n\n\t\t\t<div class=\"product-item__description--info\">\n\t\t\t\t<div class=\"info-left\">\n\t\t\t\t\t\t\t\t\t\t<a href=\"https:\/\/host3.hellowebtunisie.com\/~natuskin\/produit\/gel-nettoyant-purifiant-300-ml\/\" class=\"title\"><\/a>\n\t\t\t\t<\/div>\n\t\t\t\t<div class=\"info-right\">\n\t\t\t\t\t\t\t\t\t<\/div>\n\t\t\t<\/div>\n\t\t<\/div>\n\n\t<\/div>\n\n\t\n<\/li>\n\n\n<li class=\"product_item product-grid-item product type-product post-3252 status-publish instock product_cat-natuskin has-post-thumbnail shipping-taxable purchasable product-type-simple\">\n\n\t\n\t<div class=\"product-item\">\n\n\t\t<div class=\"product-item__thumbnail\">\n\t\t\t\t\t\t<div class=\"product-item__thumbnail_overlay\">\n\t\t\t\t\t\t<\/div>\n\t\t\t\t\t\t<a class=\"product-item-link\" href=\"https:\/\/host3.hellowebtunisie.com\/~natuskin\/produit\/masque-kaolin-eclaircissantnettoyant-anti-rides-100ml\/\"><\/a>\n\t\t\t\t\t\t<div class=\"product-item__description--actions\">\n\t\t\t\t\t\t\t<a href=\"?add-to-cart=3252\" data-quantity=\"1\" class=\"button wp-element-button product_type_simple add_to_cart_button ajax_add_to_cart\" data-product_id=\"3252\" data-product_sku=\"\" aria-label=\"Add &ldquo;Masque kaolin \u00e9claircissant,nettoyant, anti rides 100ml&rdquo; to your cart\" rel=\"nofollow\"><i class=\"inova ic-shopping-bag\"><\/i><\/a>\n\t\t\t<a href=\"\/~natuskin\/wp-json\/wp\/v2\/pages\/3361?add_to_wishlist=3252\"\n\t\t\t\tdata-product-id=\"3252\"\n\t\t\t\tdata-product-type=\"simple\"\n\t\t\t\tdata-wishlist-url=\"https:\/\/host3.hellowebtunisie.com\/~natuskin\/liste-de-souhaits\/\"\n\t\t\t\tdata-browse-wishlist-text=\"Voir la liste d\u2019envies\"\n\t\t\t\tclass=\"nova_product_wishlist_btn add_to_wishlist\" rel=\"nofollow\">\n\t\t\t\t<i class=\"inova ic-favorite\"><\/i>\n\t\t\t<\/a>\n\n\t\t\n\t\t\t<a href=\"#\" class=\"nova_product_quick_view_btn\" data-product-id=\"3252\" rel=\"nofollow\"><i class=\"inova ic-zoom\"><\/i><\/a>\n\t\t\t\t\t\t\t\t<\/div>\n\n\t\t\t<div class=\"product-item__badges\">\n\t\t\t\t<span class=\"nova_new_product\">New!<\/span>\t\t\t<\/div>\n\n\t\t\t\n\t\t\t<div class=\"product-item__thumbnail-placeholder \">\n\t\t\t\t<a href=\"https:\/\/host3.hellowebtunisie.com\/~natuskin\/produit\/masque-kaolin-eclaircissantnettoyant-anti-rides-100ml\/\">\n\t\t\t\t\t\t\t\t\t\t<img loading=\"lazy\" decoding=\"async\" width=\"600\" height=\"783\" src=\"https:\/\/host3.hellowebtunisie.com\/~natuskin\/wp-content\/uploads\/2023\/05\/1-3-600x783.jpg\" class=\"attachment-woocommerce_thumbnail size-woocommerce_thumbnail\" alt=\"\" \/>\t\t\t\t<\/a>\n\t\t\t<\/div>\n\n\t\t<\/div>\n\n\t\t<div class=\"product-item__description\">\n\n\t\t\t<div class=\"product-item__description--info\">\n\t\t\t\t<div class=\"info-left\">\n\t\t\t\t\t\t\t\t\t\t<a href=\"https:\/\/host3.hellowebtunisie.com\/~natuskin\/produit\/masque-kaolin-eclaircissantnettoyant-anti-rides-100ml\/\" class=\"title\"><\/a>\n\t\t\t\t<\/div>\n\t\t\t\t<div class=\"info-right\">\n\t\t\t\t\t\t\t\t\t<\/div>\n\t\t\t<\/div>\n\t\t<\/div>\n\n\t<\/div>\n\n\t\n<\/li>\n\n\n<li class=\"product_item product-grid-item product type-product post-3256 status-publish last instock product_cat-natuskin has-post-thumbnail shipping-taxable purchasable product-type-simple\">\n\n\t\n\t<div class=\"product-item\">\n\n\t\t<div class=\"product-item__thumbnail\">\n\t\t\t\t\t\t<div class=\"product-item__thumbnail_overlay\">\n\t\t\t\t\t\t<\/div>\n\t\t\t\t\t\t<a class=\"product-item-link\" href=\"https:\/\/host3.hellowebtunisie.com\/~natuskin\/produit\/creme-eclaircissanteanti-taches-anti-rides-50-ml\/\"><\/a>\n\t\t\t\t\t\t<div class=\"product-item__description--actions\">\n\t\t\t\t\t\t\t<a href=\"?add-to-cart=3256\" data-quantity=\"1\" class=\"button wp-element-button product_type_simple add_to_cart_button ajax_add_to_cart\" data-product_id=\"3256\" data-product_sku=\"\" aria-label=\"Add &ldquo;Cr\u00e8me \u00e9claircissante,anti t\u00e2ches ,anti rides 50 ml&rdquo; to your cart\" rel=\"nofollow\"><i class=\"inova ic-shopping-bag\"><\/i><\/a>\n\t\t\t<a href=\"\/~natuskin\/wp-json\/wp\/v2\/pages\/3361?add_to_wishlist=3256\"\n\t\t\t\tdata-product-id=\"3256\"\n\t\t\t\tdata-product-type=\"simple\"\n\t\t\t\tdata-wishlist-url=\"https:\/\/host3.hellowebtunisie.com\/~natuskin\/liste-de-souhaits\/\"\n\t\t\t\tdata-browse-wishlist-text=\"Voir la liste d\u2019envies\"\n\t\t\t\tclass=\"nova_product_wishlist_btn add_to_wishlist\" rel=\"nofollow\">\n\t\t\t\t<i class=\"inova ic-favorite\"><\/i>\n\t\t\t<\/a>\n\n\t\t\n\t\t\t<a href=\"#\" class=\"nova_product_quick_view_btn\" data-product-id=\"3256\" rel=\"nofollow\"><i class=\"inova ic-zoom\"><\/i><\/a>\n\t\t\t\t\t\t\t\t<\/div>\n\n\t\t\t<div class=\"product-item__badges\">\n\t\t\t\t<span class=\"nova_new_product\">New!<\/span>\t\t\t<\/div>\n\n\t\t\t\n\t\t\t<div class=\"product-item__thumbnail-placeholder \">\n\t\t\t\t<a href=\"https:\/\/host3.hellowebtunisie.com\/~natuskin\/produit\/creme-eclaircissanteanti-taches-anti-rides-50-ml\/\">\n\t\t\t\t\t\t\t\t\t\t<img loading=\"lazy\" decoding=\"async\" width=\"600\" height=\"783\" src=\"https:\/\/host3.hellowebtunisie.com\/~natuskin\/wp-content\/uploads\/2023\/05\/6-1-600x783.jpg\" class=\"attachment-woocommerce_thumbnail size-woocommerce_thumbnail\" alt=\"\" \/>\t\t\t\t<\/a>\n\t\t\t<\/div>\n\n\t\t<\/div>\n\n\t\t<div class=\"product-item__description\">\n\n\t\t\t<div class=\"product-item__description--info\">\n\t\t\t\t<div class=\"info-left\">\n\t\t\t\t\t\t\t\t\t\t<a href=\"https:\/\/host3.hellowebtunisie.com\/~natuskin\/produit\/creme-eclaircissanteanti-taches-anti-rides-50-ml\/\" class=\"title\"><\/a>\n\t\t\t\t<\/div>\n\t\t\t\t<div class=\"info-right\">\n\t\t\t\t\t\t\t\t\t<\/div>\n\t\t\t<\/div>\n\t\t<\/div>\n\n\t<\/div>\n\n\t\n<\/li>\n\n\n<li class=\"product_item product-grid-item product type-product post-3259 status-publish first instock product_cat-natuskin has-post-thumbnail shipping-taxable purchasable product-type-simple\">\n\n\t\n\t<div class=\"product-item\">\n\n\t\t<div class=\"product-item__thumbnail\">\n\t\t\t\t\t\t<div class=\"product-item__thumbnail_overlay\">\n\t\t\t\t\t\t<\/div>\n\t\t\t\t\t\t<a class=\"product-item-link\" href=\"https:\/\/host3.hellowebtunisie.com\/~natuskin\/produit\/dermo-hydra-lift-serum-30-ml\/\"><\/a>\n\t\t\t\t\t\t<div class=\"product-item__description--actions\">\n\t\t\t\t\t\t\t<a href=\"?add-to-cart=3259\" data-quantity=\"1\" class=\"button wp-element-button product_type_simple add_to_cart_button ajax_add_to_cart\" data-product_id=\"3259\" data-product_sku=\"\" aria-label=\"Add &ldquo;Dermo hydra-lift s\u00e9rum 30 ml&rdquo; to your cart\" rel=\"nofollow\"><i class=\"inova ic-shopping-bag\"><\/i><\/a>\n\t\t\t<a href=\"\/~natuskin\/wp-json\/wp\/v2\/pages\/3361?add_to_wishlist=3259\"\n\t\t\t\tdata-product-id=\"3259\"\n\t\t\t\tdata-product-type=\"simple\"\n\t\t\t\tdata-wishlist-url=\"https:\/\/host3.hellowebtunisie.com\/~natuskin\/liste-de-souhaits\/\"\n\t\t\t\tdata-browse-wishlist-text=\"Voir la liste d\u2019envies\"\n\t\t\t\tclass=\"nova_product_wishlist_btn add_to_wishlist\" rel=\"nofollow\">\n\t\t\t\t<i class=\"inova ic-favorite\"><\/i>\n\t\t\t<\/a>\n\n\t\t\n\t\t\t<a href=\"#\" class=\"nova_product_quick_view_btn\" data-product-id=\"3259\" rel=\"nofollow\"><i class=\"inova ic-zoom\"><\/i><\/a>\n\t\t\t\t\t\t\t\t<\/div>\n\n\t\t\t<div class=\"product-item__badges\">\n\t\t\t\t<span class=\"nova_new_product\">New!<\/span>\t\t\t<\/div>\n\n\t\t\t\n\t\t\t<div class=\"product-item__thumbnail-placeholder \">\n\t\t\t\t<a href=\"https:\/\/host3.hellowebtunisie.com\/~natuskin\/produit\/dermo-hydra-lift-serum-30-ml\/\">\n\t\t\t\t\t\t\t\t\t\t<img loading=\"lazy\" decoding=\"async\" width=\"600\" height=\"783\" src=\"https:\/\/host3.hellowebtunisie.com\/~natuskin\/wp-content\/uploads\/2023\/05\/Serum-Dermo-Hydra-Lift-30-ml-600x783.jpg\" class=\"attachment-woocommerce_thumbnail size-woocommerce_thumbnail\" alt=\"\" \/>\t\t\t\t<\/a>\n\t\t\t<\/div>\n\n\t\t<\/div>\n\n\t\t<div class=\"product-item__description\">\n\n\t\t\t<div class=\"product-item__description--info\">\n\t\t\t\t<div class=\"info-left\">\n\t\t\t\t\t\t\t\t\t\t<a href=\"https:\/\/host3.hellowebtunisie.com\/~natuskin\/produit\/dermo-hydra-lift-serum-30-ml\/\" class=\"title\"><\/a>\n\t\t\t\t<\/div>\n\t\t\t\t<div class=\"info-right\">\n\t\t\t\t\t\t\t\t\t<\/div>\n\t\t\t<\/div>\n\t\t<\/div>\n\n\t<\/div>\n\n\t\n<\/li>\n\n\n<li class=\"product_item product-grid-item product type-product post-3261 status-publish instock product_cat-natuskin has-post-thumbnail shipping-taxable purchasable product-type-simple\">\n\n\t\n\t<div class=\"product-item\">\n\n\t\t<div class=\"product-item__thumbnail\">\n\t\t\t\t\t\t<div class=\"product-item__thumbnail_overlay\">\n\t\t\t\t\t\t<\/div>\n\t\t\t\t\t\t<a class=\"product-item-link\" href=\"https:\/\/host3.hellowebtunisie.com\/~natuskin\/produit\/solution-micellaire-250-ml\/\"><\/a>\n\t\t\t\t\t\t<div class=\"product-item__description--actions\">\n\t\t\t\t\t\t\t<a href=\"?add-to-cart=3261\" data-quantity=\"1\" class=\"button wp-element-button product_type_simple add_to_cart_button ajax_add_to_cart\" data-product_id=\"3261\" data-product_sku=\"\" aria-label=\"Add &ldquo;Solution Micellaire 250 ml&rdquo; to your cart\" rel=\"nofollow\"><i class=\"inova ic-shopping-bag\"><\/i><\/a>\n\t\t\t<a href=\"\/~natuskin\/wp-json\/wp\/v2\/pages\/3361?add_to_wishlist=3261\"\n\t\t\t\tdata-product-id=\"3261\"\n\t\t\t\tdata-product-type=\"simple\"\n\t\t\t\tdata-wishlist-url=\"https:\/\/host3.hellowebtunisie.com\/~natuskin\/liste-de-souhaits\/\"\n\t\t\t\tdata-browse-wishlist-text=\"Voir la liste d\u2019envies\"\n\t\t\t\tclass=\"nova_product_wishlist_btn add_to_wishlist\" rel=\"nofollow\">\n\t\t\t\t<i class=\"inova ic-favorite\"><\/i>\n\t\t\t<\/a>\n\n\t\t\n\t\t\t<a href=\"#\" class=\"nova_product_quick_view_btn\" data-product-id=\"3261\" rel=\"nofollow\"><i class=\"inova ic-zoom\"><\/i><\/a>\n\t\t\t\t\t\t\t\t<\/div>\n\n\t\t\t<div class=\"product-item__badges\">\n\t\t\t\t<span class=\"nova_new_product\">New!<\/span>\t\t\t<\/div>\n\n\t\t\t\n\t\t\t<div class=\"product-item__thumbnail-placeholder \">\n\t\t\t\t<a href=\"https:\/\/host3.hellowebtunisie.com\/~natuskin\/produit\/solution-micellaire-250-ml\/\">\n\t\t\t\t\t\t\t\t\t\t<img loading=\"lazy\" decoding=\"async\" width=\"600\" height=\"783\" src=\"https:\/\/host3.hellowebtunisie.com\/~natuskin\/wp-content\/uploads\/2023\/05\/5-1-600x783.jpg\" class=\"attachment-woocommerce_thumbnail size-woocommerce_thumbnail\" alt=\"\" \/>\t\t\t\t<\/a>\n\t\t\t<\/div>\n\n\t\t<\/div>\n\n\t\t<div class=\"product-item__description\">\n\n\t\t\t<div class=\"product-item__description--info\">\n\t\t\t\t<div class=\"info-left\">\n\t\t\t\t\t\t\t\t\t\t<a href=\"https:\/\/host3.hellowebtunisie.com\/~natuskin\/produit\/solution-micellaire-250-ml\/\" class=\"title\"><\/a>\n\t\t\t\t<\/div>\n\t\t\t\t<div class=\"info-right\">\n\t\t\t\t\t\t\t\t\t<\/div>\n\t\t\t<\/div>\n\t\t<\/div>\n\n\t<\/div>\n\n\t\n<\/li>\n<\/ul><\/div><\/div><\/div>\t\t<\/div>\n\t\t\t\t<\/div>\n\t\t\t\t\t<\/div>\n\t\t<\/div>\n\t\t\t\t\t\t\t<\/div>\n\t\t<\/div>\n\t\t\t\t\t\t\t<\/div>\n\t\t","protected":false},"excerpt":{"rendered":"","protected":false},"author":1,"featured_media":0,"parent":0,"menu_order":0,"comment_status":"closed","ping_status":"closed","template":"","meta":{"footnotes":""},"class_list":["post-3361","page","type-page","status-publish","hentry"],"_links":{"self":[{"href":"https:\/\/host3.hellowebtunisie.com\/~natuskin\/wp-json\/wp\/v2\/pages\/3361","targetHints":{"allow":["GET"]}}],"collection":[{"href":"https:\/\/host3.hellowebtunisie.com\/~natuskin\/wp-json\/wp\/v2\/pages"}],"about":[{"href":"https:\/\/host3.hellowebtunisie.com\/~natuskin\/wp-json\/wp\/v2\/types\/page"}],"author":[{"embeddable":true,"href":"https:\/\/host3.hellowebtunisie.com\/~natuskin\/wp-json\/wp\/v2\/users\/1"}],"replies":[{"embeddable":true,"href":"https:\/\/host3.hellowebtunisie.com\/~natuskin\/wp-json\/wp\/v2\/comments?post=3361"}],"version-history":[{"count":4,"href":"https:\/\/host3.hellowebtunisie.com\/~natuskin\/wp-json\/wp\/v2\/pages\/3361\/revisions"}],"predecessor-version":[{"id":3367,"href":"https:\/\/host3.hellowebtunisie.com\/~natuskin\/wp-json\/wp\/v2\/pages\/3361\/revisions\/3367"}],"wp:attachment":[{"href":"https:\/\/host3.hellowebtunisie.com\/~natuskin\/wp-json\/wp\/v2\/media?parent=3361"}],"curies":[{"name":"wp","href":"https:\/\/api.w.org\/{rel}","templated":true}]}}