{"id":3348,"date":"2023-06-27T13:38:55","date_gmt":"2023-06-27T11:38:55","guid":{"rendered":"https:\/\/host3.hellowebtunisie.com\/~natuskin\/?page_id=3348"},"modified":"2023-07-03T16:21:39","modified_gmt":"2023-07-03T14:21:39","slug":"histoire-de-la-marque","status":"publish","type":"page","link":"https:\/\/host3.hellowebtunisie.com\/~natuskin\/histoire-de-la-marque\/","title":{"rendered":"Histoire de la Marque"},"content":{"rendered":"\t\t<div data-elementor-type=\"wp-page\" data-elementor-id=\"3348\" class=\"elementor elementor-3348\">\n\t\t\t\t\t\t\t\t\t<div class=\"elementor-section elementor-top-section elementor-element elementor-element-f14726f elementor-section-boxed elementor-section-height-default elementor-section-height-default\" data-id=\"f14726f\" data-element_type=\"section\">\n\t\t\t\t\t\t<div class=\"elementor-container elementor-column-gap-default\">\n\t\t\t\t\t<div class=\"elementor-column elementor-col-50 elementor-top-column elementor-element elementor-element-23a2a0e\" data-id=\"23a2a0e\" data-element_type=\"column\">\n\t\t\t<div class=\"elementor-widget-wrap elementor-element-populated\">\n\t\t\t\t\t\t\t\t<div class=\"elementor-element elementor-element-0a43db6 elementor-widget elementor-widget-heading\" data-id=\"0a43db6\" data-element_type=\"widget\" data-widget_type=\"heading.default\">\n\t\t\t\t<div class=\"elementor-widget-container\">\n\t\t\t<style>\/*! elementor - v3.11.2 - 22-02-2023 *\/\n.elementor-heading-title{padding:0;margin:0;line-height:1}.elementor-widget-heading .elementor-heading-title[class*=elementor-size-]>a{color:inherit;font-size:inherit;line-height:inherit}.elementor-widget-heading .elementor-heading-title.elementor-size-small{font-size:15px}.elementor-widget-heading .elementor-heading-title.elementor-size-medium{font-size:19px}.elementor-widget-heading .elementor-heading-title.elementor-size-large{font-size:29px}.elementor-widget-heading .elementor-heading-title.elementor-size-xl{font-size:39px}.elementor-widget-heading .elementor-heading-title.elementor-size-xxl{font-size:59px}<\/style><h2 class=\"elementor-heading-title elementor-size-default\">Natuskin<\/h2>\t\t<\/div>\n\t\t\t\t<\/div>\n\t\t\t\t<div class=\"elementor-element elementor-element-15dafa6 elementor-widget-divider--view-line elementor-widget elementor-widget-divider\" data-id=\"15dafa6\" data-element_type=\"widget\" data-widget_type=\"divider.default\">\n\t\t\t\t<div class=\"elementor-widget-container\">\n\t\t\t<style>\/*! elementor - v3.11.2 - 22-02-2023 *\/\n.elementor-widget-divider{--divider-border-style:none;--divider-border-width:1px;--divider-color:#2c2c2c;--divider-icon-size:20px;--divider-element-spacing:10px;--divider-pattern-height:24px;--divider-pattern-size:20px;--divider-pattern-url:none;--divider-pattern-repeat:repeat-x}.elementor-widget-divider .elementor-divider{display:flex}.elementor-widget-divider .elementor-divider__text{font-size:15px;line-height:1;max-width:95%}.elementor-widget-divider .elementor-divider__element{margin:0 var(--divider-element-spacing);flex-shrink:0}.elementor-widget-divider .elementor-icon{font-size:var(--divider-icon-size)}.elementor-widget-divider .elementor-divider-separator{display:flex;margin:0;direction:ltr}.elementor-widget-divider--view-line_icon .elementor-divider-separator,.elementor-widget-divider--view-line_text .elementor-divider-separator{align-items:center}.elementor-widget-divider--view-line_icon .elementor-divider-separator:after,.elementor-widget-divider--view-line_icon .elementor-divider-separator:before,.elementor-widget-divider--view-line_text .elementor-divider-separator:after,.elementor-widget-divider--view-line_text .elementor-divider-separator:before{display:block;content:\"\";border-bottom:0;flex-grow:1;border-top:var(--divider-border-width) var(--divider-border-style) var(--divider-color)}.elementor-widget-divider--element-align-left .elementor-divider .elementor-divider-separator>.elementor-divider__svg:first-of-type{flex-grow:0;flex-shrink:100}.elementor-widget-divider--element-align-left .elementor-divider-separator:before{content:none}.elementor-widget-divider--element-align-left .elementor-divider__element{margin-left:0}.elementor-widget-divider--element-align-right .elementor-divider .elementor-divider-separator>.elementor-divider__svg:last-of-type{flex-grow:0;flex-shrink:100}.elementor-widget-divider--element-align-right .elementor-divider-separator:after{content:none}.elementor-widget-divider--element-align-right .elementor-divider__element{margin-right:0}.elementor-widget-divider:not(.elementor-widget-divider--view-line_text):not(.elementor-widget-divider--view-line_icon) .elementor-divider-separator{border-top:var(--divider-border-width) var(--divider-border-style) var(--divider-color)}.elementor-widget-divider--separator-type-pattern{--divider-border-style:none}.elementor-widget-divider--separator-type-pattern.elementor-widget-divider--view-line .elementor-divider-separator,.elementor-widget-divider--separator-type-pattern:not(.elementor-widget-divider--view-line) .elementor-divider-separator:after,.elementor-widget-divider--separator-type-pattern:not(.elementor-widget-divider--view-line) .elementor-divider-separator:before,.elementor-widget-divider--separator-type-pattern:not([class*=elementor-widget-divider--view]) .elementor-divider-separator{width:100%;min-height:var(--divider-pattern-height);-webkit-mask-size:var(--divider-pattern-size) 100%;mask-size:var(--divider-pattern-size) 100%;-webkit-mask-repeat:var(--divider-pattern-repeat);mask-repeat:var(--divider-pattern-repeat);background-color:var(--divider-color);-webkit-mask-image:var(--divider-pattern-url);mask-image:var(--divider-pattern-url)}.elementor-widget-divider--no-spacing{--divider-pattern-size:auto}.elementor-widget-divider--bg-round{--divider-pattern-repeat:round}.rtl .elementor-widget-divider .elementor-divider__text{direction:rtl}.e-con-inner>.elementor-widget-divider,.e-con>.elementor-widget-divider{width:var(--container-widget-width,100%);--flex-grow:var(--container-widget-flex-grow)}<\/style>\t\t<div class=\"elementor-divider\">\n\t\t\t<span class=\"elementor-divider-separator\">\n\t\t\t\t\t\t<\/span>\n\t\t<\/div>\n\t\t\t\t<\/div>\n\t\t\t\t<\/div>\n\t\t\t\t<div class=\"elementor-element elementor-element-474e7b5 elementor-widget elementor-widget-text-editor\" data-id=\"474e7b5\" data-element_type=\"widget\" data-widget_type=\"text-editor.default\">\n\t\t\t\t<div class=\"elementor-widget-container\">\n\t\t\t<style>\/*! elementor - v3.11.2 - 22-02-2023 *\/\n.elementor-widget-text-editor.elementor-drop-cap-view-stacked .elementor-drop-cap{background-color:#818a91;color:#fff}.elementor-widget-text-editor.elementor-drop-cap-view-framed .elementor-drop-cap{color:#818a91;border:3px solid;background-color:transparent}.elementor-widget-text-editor:not(.elementor-drop-cap-view-default) .elementor-drop-cap{margin-top:8px}.elementor-widget-text-editor:not(.elementor-drop-cap-view-default) .elementor-drop-cap-letter{width:1em;height:1em}.elementor-widget-text-editor .elementor-drop-cap{float:left;text-align:center;line-height:1;font-size:50px}.elementor-widget-text-editor .elementor-drop-cap-letter{display:inline-block}<\/style>\t\t\t\t<p><strong>La marque Natuskin est n\u00e9e de la passion pour la nature et de l&rsquo;amour pour la Tunisie<\/strong><\/p>\t\t\t\t\t\t<\/div>\n\t\t\t\t<\/div>\n\t\t\t\t<div class=\"elementor-element elementor-element-0b8a258 elementor-widget elementor-widget-heading\" data-id=\"0b8a258\" data-element_type=\"widget\" data-widget_type=\"heading.default\">\n\t\t\t\t<div class=\"elementor-widget-container\">\n\t\t\t<p class=\"elementor-heading-title elementor-size-default\">Nous avons \u00e9t\u00e9 inspir\u00e9s par l'histoire et la tradition de la Tunisie en mati\u00e8re de culture de l'olivier, ainsi que par les connaissances ancestrales sur les bienfaits dermatologique de l'olivier pour la peau. Nous sommes convaincus que la beaut\u00e9 est un \u00e9quilibre entre la nature et la science, et nous sommes d\u00e9termin\u00e9s \u00e0 vous offrir le meilleur des deux mondes est c'est pourquoi nous avons travaill\u00e9 avec des experts de l'industrie dermo-cosm\u00e9tique et des pharmaciens cosm\u00e9tologues pour \u00e9laborer des formules hautement efficaces et s\u00e9curitaires et selon les normes pharmaceutiques et de travailler en \u00e9troite collaboration avec des agriculteurs et les oliveraies locaux pour garantir la qualit\u00e9 de nos ingr\u00e9dients ,tout en veillant \u00e0 ce que nos produits soient respectueux de l'environnement\nChez Natuskin, nous sommes fiers de cr\u00e9er des produits dermo cosm\u00e9tiques naturels qui contribuent \u00e0 pr\u00e9server la beaut\u00e9 de notre plan\u00e8te tout en am\u00e9liorant celle de notre peau , Rejoignez-nous pour d\u00e9couvrir les merveilles de l'olivier tunisien dans chaque produit Natuskin.<\/p>\t\t<\/div>\n\t\t\t\t<\/div>\n\t\t\t\t\t<\/div>\n\t\t<\/div>\n\t\t\t\t<div class=\"elementor-column elementor-col-50 elementor-top-column elementor-element elementor-element-911df59\" data-id=\"911df59\" data-element_type=\"column\">\n\t\t\t<div class=\"elementor-widget-wrap elementor-element-populated\">\n\t\t\t\t\t\t\t\t<div class=\"elementor-element elementor-element-ebf3d48 elementor-widget elementor-widget-image\" data-id=\"ebf3d48\" data-element_type=\"widget\" data-widget_type=\"image.default\">\n\t\t\t\t<div class=\"elementor-widget-container\">\n\t\t\t<style>\/*! elementor - v3.11.2 - 22-02-2023 *\/\n.elementor-widget-image{text-align:center}.elementor-widget-image a{display:inline-block}.elementor-widget-image a img[src$=\".svg\"]{width:48px}.elementor-widget-image img{vertical-align:middle;display:inline-block}<\/style>\t\t\t\t\t\t\t\t\t\t\t\t<img loading=\"lazy\" decoding=\"async\" width=\"1024\" height=\"819\" src=\"https:\/\/host3.hellowebtunisie.com\/~natuskin\/wp-content\/uploads\/2023\/07\/natus-new-1024x819.jpg\" class=\"attachment-large size-large wp-image-3438\" alt=\"\" srcset=\"https:\/\/host3.hellowebtunisie.com\/~natuskin\/wp-content\/uploads\/2023\/07\/natus-new-1024x819.jpg 1024w, https:\/\/host3.hellowebtunisie.com\/~natuskin\/wp-content\/uploads\/2023\/07\/natus-new-300x240.jpg 300w, https:\/\/host3.hellowebtunisie.com\/~natuskin\/wp-content\/uploads\/2023\/07\/natus-new-768x614.jpg 768w, https:\/\/host3.hellowebtunisie.com\/~natuskin\/wp-content\/uploads\/2023\/07\/natus-new-1000x800.jpg 1000w, https:\/\/host3.hellowebtunisie.com\/~natuskin\/wp-content\/uploads\/2023\/07\/natus-new.jpg 1280w\" sizes=\"auto, (max-width: 1024px) 100vw, 1024px\" \/>\t\t\t\t\t\t\t\t\t\t\t\t\t\t\t<\/div>\n\t\t\t\t<\/div>\n\t\t\t\t\t<\/div>\n\t\t<\/div>\n\t\t\t\t\t\t\t<\/div>\n\t\t<\/div>\n\t\t\t\t\t\t\t<\/div>\n\t\t","protected":false},"excerpt":{"rendered":"<p>Natuskin La marque Natuskin est n\u00e9e de la passion pour la nature et de l&rsquo;amour pour la Tunisie Nous avons \u00e9t\u00e9 inspir\u00e9s par l&rsquo;histoire et la tradition de la Tunisie en mati\u00e8re de culture de l&rsquo;olivier, ainsi que par les connaissances ancestrales sur les bienfaits dermatologique de l&rsquo;olivier pour la peau. Nous sommes convaincus que la beaut\u00e9 est un \u00e9quilibre\u2026<\/p>\n","protected":false},"author":1,"featured_media":0,"parent":0,"menu_order":0,"comment_status":"closed","ping_status":"closed","template":"","meta":{"footnotes":""},"class_list":["post-3348","page","type-page","status-publish","hentry"],"_links":{"self":[{"href":"https:\/\/host3.hellowebtunisie.com\/~natuskin\/wp-json\/wp\/v2\/pages\/3348","targetHints":{"allow":["GET"]}}],"collection":[{"href":"https:\/\/host3.hellowebtunisie.com\/~natuskin\/wp-json\/wp\/v2\/pages"}],"about":[{"href":"https:\/\/host3.hellowebtunisie.com\/~natuskin\/wp-json\/wp\/v2\/types\/page"}],"author":[{"embeddable":true,"href":"https:\/\/host3.hellowebtunisie.com\/~natuskin\/wp-json\/wp\/v2\/users\/1"}],"replies":[{"embeddable":true,"href":"https:\/\/host3.hellowebtunisie.com\/~natuskin\/wp-json\/wp\/v2\/comments?post=3348"}],"version-history":[{"count":10,"href":"https:\/\/host3.hellowebtunisie.com\/~natuskin\/wp-json\/wp\/v2\/pages\/3348\/revisions"}],"predecessor-version":[{"id":3441,"href":"https:\/\/host3.hellowebtunisie.com\/~natuskin\/wp-json\/wp\/v2\/pages\/3348\/revisions\/3441"}],"wp:attachment":[{"href":"https:\/\/host3.hellowebtunisie.com\/~natuskin\/wp-json\/wp\/v2\/media?parent=3348"}],"curies":[{"name":"wp","href":"https:\/\/api.w.org\/{rel}","templated":true}]}}