{"id":663,"date":"2025-08-29T10:17:16","date_gmt":"2025-08-29T08:17:16","guid":{"rendered":"https:\/\/host3.hellowebtunisie.com\/~minaoliv\/?page_id=663"},"modified":"2025-11-19T13:20:29","modified_gmt":"2025-11-19T12:20:29","slug":"our-story","status":"publish","type":"page","link":"https:\/\/host3.hellowebtunisie.com\/~minaoliv\/our-story\/","title":{"rendered":"Our Story"},"content":{"rendered":"\t\t<div data-elementor-type=\"wp-page\" data-elementor-id=\"663\" class=\"elementor elementor-663\">\n\t\t\t\t<div class=\"elementor-element elementor-element-8200fb5 e-flex e-con-boxed e-con e-parent\" data-id=\"8200fb5\" data-element_type=\"container\" data-settings=\"{&quot;background_background&quot;:&quot;classic&quot;}\">\n\t\t\t\t\t<div class=\"e-con-inner\">\n\t\t<div class=\"elementor-element elementor-element-7862ff3 e-con-full e-flex e-con e-child\" data-id=\"7862ff3\" data-element_type=\"container\">\n\t\t\t\t<div class=\"elementor-element elementor-element-d4e7725 elementor-widget__width-initial elementor-invisible elementor-widget elementor-widget-akpager-section-title\" data-id=\"d4e7725\" data-element_type=\"widget\" data-settings=\"{&quot;_animation&quot;:&quot;fadeInUp&quot;}\" data-widget_type=\"akpager-section-title.default\">\n\t\t\t\t<div class=\"elementor-widget-container\">\n\t\t\t\t\t        <div class=\"akpager-section-title\">\n\t\t\t                <span class=\"subtitle\">\n\t\t\t\t\t                        <span class=\"title-icon\">\n                            <i class=\"fas fa-layer-group\"><\/i>                        <\/span>\n\t\t\t\t\t\t\t\t\t\tVEROLIA\t\t\t\t<\/span>\n\t\t\t\t\t\t<h3 class=\"title\">The Story of Our Centenary Olive Trees<\/h3>        <\/div>\n\t\t\t\t\t\t<\/div>\n\t\t\t\t<\/div>\n\t\t\t\t<div class=\"elementor-element elementor-element-738f708 elementor-widget elementor-widget-image\" data-id=\"738f708\" data-element_type=\"widget\" data-widget_type=\"image.default\">\n\t\t\t\t\t\t\t\t\t\t\t\t\t\t\t<img fetchpriority=\"high\" decoding=\"async\" width=\"850\" height=\"393\" src=\"https:\/\/host3.hellowebtunisie.com\/~minaoliv\/wp-content\/uploads\/2025\/11\/ws-1024x473.png\" class=\"attachment-large size-large wp-image-1396\" alt=\"\" srcset=\"https:\/\/host3.hellowebtunisie.com\/~minaoliv\/wp-content\/uploads\/2025\/11\/ws-1024x473.png 1024w, https:\/\/host3.hellowebtunisie.com\/~minaoliv\/wp-content\/uploads\/2025\/11\/ws-300x139.png 300w, https:\/\/host3.hellowebtunisie.com\/~minaoliv\/wp-content\/uploads\/2025\/11\/ws-768x355.png 768w, https:\/\/host3.hellowebtunisie.com\/~minaoliv\/wp-content\/uploads\/2025\/11\/ws-600x277.png 600w, https:\/\/host3.hellowebtunisie.com\/~minaoliv\/wp-content\/uploads\/2025\/11\/ws.png 1280w\" sizes=\"(max-width: 850px) 100vw, 850px\" \/>\t\t\t\t\t\t\t\t\t\t\t\t\t\t\t<\/div>\n\t\t\t\t<div class=\"elementor-element elementor-element-b83ee5a elementor-widget elementor-widget-text-editor\" data-id=\"b83ee5a\" data-element_type=\"widget\" data-widget_type=\"text-editor.default\">\n\t\t\t\t\t\t\t\t\t<p>This mosaic, preserved in the El Jem Museum, stands as a vivid testament to the central role of olive cultivation and olive oil in the history of Carthage and Rome in Tunisia. From the vast Carthaginian olive groves to the Roman estates of Africa Proconsularis, olive oil was a symbol of wealth, trade, and daily life. It nourished households, illuminated homes, and reflected the prosperity of a sun-blessed land. Through this artwork, we rediscover a timeless craft whose legacy continues to shape the cultural pride of Tunisia today.<\/p>\t\t\t\t\t\t\t\t<\/div>\n\t\t\t\t<div class=\"elementor-element elementor-element-e96bc68 e-n-tabs-none elementor-widget elementor-widget-n-tabs\" data-id=\"e96bc68\" data-element_type=\"widget\" data-settings=\"{&quot;horizontal_scroll&quot;:&quot;disable&quot;}\" data-widget_type=\"nested-tabs.default\">\n\t\t\t\t\t\t\t<div class=\"e-n-tabs\" data-widget-number=\"244759656\" aria-label=\"Onglets. Ouvrez des \u00e9l\u00e9ments avec Entrer ou Espace, fermez-les avec Echape et naviguez \u00e0 l&#039;aide des touches fl\u00e9ch\u00e9es.\">\n\t\t\t<div class=\"e-n-tabs-heading\" role=\"tablist\">\n\t\t\t\t\t<button id=\"e-n-tab-title-2447596561\" class=\"e-n-tab-title\" aria-selected=\"true\" data-tab-index=\"1\" role=\"tab\" tabindex=\"0\" aria-controls=\"e-n-tab-content-2447596561\" style=\"--n-tabs-title-order: 1;\">\n\t\t\t\t\t\t<span class=\"e-n-tab-title-text\">\n\t\t\t\tEXTRA VIRGIN OLIVE OIL\t\t\t<\/span>\n\t\t<\/button>\n\t\t\t\t\t<\/div>\n\t\t\t<div class=\"e-n-tabs-content\">\n\t\t\t\t<div id=\"e-n-tab-content-2447596561\" role=\"tabpanel\" aria-labelledby=\"e-n-tab-title-2447596561\" data-tab-index=\"1\" style=\"--n-tabs-title-order: 1;\" class=\"e-active elementor-element elementor-element-586c8ec e-con-full e-flex e-con e-child\" data-id=\"586c8ec\" data-element_type=\"container\">\n\t\t<div class=\"elementor-element elementor-element-39fb4d1 e-con-full e-flex elementor-invisible e-con e-child\" data-id=\"39fb4d1\" data-element_type=\"container\" data-settings=\"{&quot;animation&quot;:&quot;fadeInLeft&quot;}\">\n\t\t\t\t<div class=\"elementor-element elementor-element-b285966 elementor-widget elementor-widget-heading\" data-id=\"b285966\" data-element_type=\"widget\" data-widget_type=\"heading.default\">\n\t\t\t\t\t<h2 class=\"elementor-heading-title elementor-size-default\">Our Story<\/h2>\t\t\t\t<\/div>\n\t\t\t\t<div class=\"elementor-element elementor-element-0bfef96 elementor-widget elementor-widget-text-editor\" data-id=\"0bfef96\" data-element_type=\"widget\" data-widget_type=\"text-editor.default\">\n\t\t\t\t\t\t\t\t\t<p>Dear visitors from all corners of the world, I created this olive oil brand for two reasons:<\/p><ul><li>The first is to pay homage to my father, a man who practiced agriculture since the 1960s, before the advent of mechanization and then technology. He spent long days, enduring cold, rain, and heat, with a heart full of joy and love for his olive trees. He spent time with the olive trees, as if they were his children. His care for these olive trees created unique trees that represent a link between our generations. The results of his efforts will bear witness for generations to a man who dedicated his entire life to producing exceptional olive oil.<\/li><li>The second reason is to offer you the wonderful gift of an extraordinary fruit, carefully processed with the utmost elegance, knowledge, and expertise. Our olive oil has historically stood the test of time, its presence in your hands from the Roman Empire to the present day.<\/li><\/ul>\t\t\t\t\t\t\t\t<\/div>\n\t\t\t\t<div class=\"elementor-element elementor-element-94bf9af elementor-widget elementor-widget-image\" data-id=\"94bf9af\" data-element_type=\"widget\" data-widget_type=\"image.default\">\n\t\t\t\t\t\t\t\t\t\t\t\t\t\t\t<img decoding=\"async\" width=\"500\" height=\"154\" src=\"https:\/\/host3.hellowebtunisie.com\/~minaoliv\/wp-content\/uploads\/2025\/11\/6.png\" class=\"attachment-large size-large wp-image-1253\" alt=\"\" srcset=\"https:\/\/host3.hellowebtunisie.com\/~minaoliv\/wp-content\/uploads\/2025\/11\/6.png 500w, https:\/\/host3.hellowebtunisie.com\/~minaoliv\/wp-content\/uploads\/2025\/11\/6-300x92.png 300w\" sizes=\"(max-width: 500px) 100vw, 500px\" \/>\t\t\t\t\t\t\t\t\t\t\t\t\t\t\t<\/div>\n\t\t\t\t<\/div>\n\t\t<div class=\"elementor-element elementor-element-8eae6eb e-con-full e-flex e-con e-child\" data-id=\"8eae6eb\" data-element_type=\"container\" data-settings=\"{&quot;background_background&quot;:&quot;classic&quot;}\">\n\t\t\t\t<div class=\"elementor-element elementor-element-e04cf8f elementor-widget elementor-widget-image\" data-id=\"e04cf8f\" data-element_type=\"widget\" data-widget_type=\"image.default\">\n\t\t\t\t\t\t\t\t\t\t\t\t\t\t\t<img decoding=\"async\" width=\"600\" height=\"894\" src=\"https:\/\/host3.hellowebtunisie.com\/~minaoliv\/wp-content\/uploads\/2025\/10\/4.png\" class=\"attachment-large size-large wp-image-1051\" alt=\"\" srcset=\"https:\/\/host3.hellowebtunisie.com\/~minaoliv\/wp-content\/uploads\/2025\/10\/4.png 600w, https:\/\/host3.hellowebtunisie.com\/~minaoliv\/wp-content\/uploads\/2025\/10\/4-201x300.png 201w\" sizes=\"(max-width: 600px) 100vw, 600px\" \/>\t\t\t\t\t\t\t\t\t\t\t\t\t\t\t<\/div>\n\t\t\t\t<\/div>\n\t\t\t\t<\/div>\n\t\t\t\t\t<\/div>\n\t\t<\/div>\n\t\t\t\t\t\t<\/div>\n\t\t\t\t<\/div>\n\t\t\t\t\t<\/div>\n\t\t\t\t<\/div>\n\t\t<div class=\"elementor-element elementor-element-de2e938 e-flex e-con-boxed e-con e-parent\" data-id=\"de2e938\" data-element_type=\"container\" data-settings=\"{&quot;background_background&quot;:&quot;classic&quot;}\">\n\t\t\t\t\t<div class=\"e-con-inner\">\n\t\t<div class=\"elementor-element elementor-element-96a21b8 e-flex e-con-boxed e-con e-child\" data-id=\"96a21b8\" data-element_type=\"container\">\n\t\t\t\t\t<div class=\"e-con-inner\">\n\t\t\t\t<div class=\"elementor-element elementor-element-4384241 elementor-widget__width-initial elementor-invisible elementor-widget elementor-widget-akpager-iconic-box\" data-id=\"4384241\" data-element_type=\"widget\" data-settings=\"{&quot;_animation&quot;:&quot;fadeInUp&quot;,&quot;_animation_delay&quot;:300}\" data-widget_type=\"akpager-iconic-box.default\">\n\t\t\t\t<div class=\"elementor-widget-container\">\n\t\t\t\t\t        <div class=\"akpager-iconic-box design-two icon-top\">\n\t\t\t        <div class=\"icon\">\n\t\t\t<img decoding=\"async\" src=\"https:\/\/host3.hellowebtunisie.com\/~minaoliv\/wp-content\/uploads\/2025\/08\/1-2.png\" title=\"1\" alt=\"1\" loading=\"lazy\" \/>        <\/div>\n\t\t            <div class=\"content\">\n\t\t\t\t<h5 class=\"title\">Early harvest<\/h5><p class=\"description\">Certified 100% Organic, grown without synthetic pesticides for pure, flavor. <\/p>            <\/div>\n        <\/div>\n\t\t\t\t\t\t<\/div>\n\t\t\t\t<\/div>\n\t\t\t\t<div class=\"elementor-element elementor-element-f6d9244 elementor-widget__width-initial elementor-invisible elementor-widget elementor-widget-akpager-iconic-box\" data-id=\"f6d9244\" data-element_type=\"widget\" data-settings=\"{&quot;_animation&quot;:&quot;fadeInUp&quot;,&quot;_animation_delay&quot;:400}\" data-widget_type=\"akpager-iconic-box.default\">\n\t\t\t\t<div class=\"elementor-widget-container\">\n\t\t\t\t\t        <div class=\"akpager-iconic-box design-two icon-top\">\n\t\t\t        <div class=\"icon\">\n\t\t\t<img decoding=\"async\" src=\"https:\/\/host3.hellowebtunisie.com\/~minaoliv\/wp-content\/uploads\/2025\/08\/1-2.png\" title=\"1\" alt=\"1\" loading=\"lazy\" \/>        <\/div>\n\t\t            <div class=\"content\">\n\t\t\t\t<h5 class=\"title\">Cold extraction (below 27\u00b0C) <\/h5><p class=\"description\">We guarantee authenticity, traceable from grove to bottle.<\/p>            <\/div>\n        <\/div>\n\t\t\t\t\t\t<\/div>\n\t\t\t\t<\/div>\n\t\t\t\t<div class=\"elementor-element elementor-element-585bf7d elementor-widget__width-initial elementor-invisible elementor-widget elementor-widget-akpager-iconic-box\" data-id=\"585bf7d\" data-element_type=\"widget\" data-settings=\"{&quot;_animation&quot;:&quot;fadeInUp&quot;,&quot;_animation_delay&quot;:500}\" data-widget_type=\"akpager-iconic-box.default\">\n\t\t\t\t<div class=\"elementor-widget-container\">\n\t\t\t\t\t        <div class=\"akpager-iconic-box design-two icon-top\">\n\t\t\t        <div class=\"icon\">\n\t\t\t<img decoding=\"async\" src=\"https:\/\/host3.hellowebtunisie.com\/~minaoliv\/wp-content\/uploads\/2025\/08\/1-2.png\" title=\"1\" alt=\"1\" loading=\"lazy\" \/>        <\/div>\n\t\t            <div class=\"content\">\n\t\t\t\t<h5 class=\"title\">Tunisia\u2019s sahel<\/h5><p class=\"description\"> superior quality oil, distinguished by its low acidity<\/p>            <\/div>\n        <\/div>\n\t\t\t\t\t\t<\/div>\n\t\t\t\t<\/div>\n\t\t\t\t\t<\/div>\n\t\t\t\t<\/div>\n\t\t\t\t\t<\/div>\n\t\t\t\t<\/div>\n\t\t<div class=\"elementor-element elementor-element-007a5cf e-flex e-con-boxed e-con e-parent\" data-id=\"007a5cf\" data-element_type=\"container\" data-settings=\"{&quot;background_background&quot;:&quot;classic&quot;}\">\n\t\t\t\t\t<div class=\"e-con-inner\">\n\t\t\t\t<div class=\"elementor-element elementor-element-689272d elementor-widget elementor-widget-image\" data-id=\"689272d\" data-element_type=\"widget\" data-widget_type=\"image.default\">\n\t\t\t\t\t\t\t\t\t\t\t\t\t\t\t<img loading=\"lazy\" decoding=\"async\" width=\"400\" height=\"159\" src=\"https:\/\/host3.hellowebtunisie.com\/~minaoliv\/wp-content\/uploads\/2025\/10\/10.png\" class=\"attachment-large size-large wp-image-1105\" alt=\"\" srcset=\"https:\/\/host3.hellowebtunisie.com\/~minaoliv\/wp-content\/uploads\/2025\/10\/10.png 400w, https:\/\/host3.hellowebtunisie.com\/~minaoliv\/wp-content\/uploads\/2025\/10\/10-300x119.png 300w\" sizes=\"(max-width: 400px) 100vw, 400px\" \/>\t\t\t\t\t\t\t\t\t\t\t\t\t\t\t<\/div>\n\t\t\t\t<div class=\"elementor-element elementor-element-e20196f elementor-widget__width-initial elementor-invisible elementor-widget elementor-widget-akpager-section-title\" data-id=\"e20196f\" data-element_type=\"widget\" data-settings=\"{&quot;_animation&quot;:&quot;fadeInUp&quot;}\" data-widget_type=\"akpager-section-title.default\">\n\t\t\t\t<div class=\"elementor-widget-container\">\n\t\t\t\t\t        <div class=\"akpager-section-title\">\n\t\t\t                <span class=\"subtitle\">\n\t\t\t\t\t                        <span class=\"title-icon\">\n                            <i class=\"fas fa-pencil-ruler\"><\/i>                        <\/span>\n\t\t\t\t\t\t\t\t\t\tAbout VEROLIA\t\t\t\t<\/span>\n\t\t\t\t\t\t<h3 class=\"title\">Our Land &amp; Parcels<\/h3>        <\/div>\n\t\t\t\t\t\t<\/div>\n\t\t\t\t<\/div>\n\t\t<div class=\"elementor-element elementor-element-038209c e-con-full e-flex e-con e-child\" data-id=\"038209c\" data-element_type=\"container\" data-settings=\"{&quot;background_background&quot;:&quot;classic&quot;}\">\n\t\t<div class=\"elementor-element elementor-element-1f4267f e-con-full e-flex e-con e-child\" data-id=\"1f4267f\" data-element_type=\"container\">\n\t\t\t\t<div class=\"elementor-element elementor-element-a9c6820 elementor-widget elementor-widget-image\" data-id=\"a9c6820\" data-element_type=\"widget\" data-widget_type=\"image.default\">\n\t\t\t\t\t\t\t\t\t\t\t\t\t\t\t<img loading=\"lazy\" decoding=\"async\" width=\"719\" height=\"380\" src=\"https:\/\/host3.hellowebtunisie.com\/~minaoliv\/wp-content\/uploads\/2025\/10\/1.png\" class=\"attachment-large size-large wp-image-1052\" alt=\"\" srcset=\"https:\/\/host3.hellowebtunisie.com\/~minaoliv\/wp-content\/uploads\/2025\/10\/1.png 719w, https:\/\/host3.hellowebtunisie.com\/~minaoliv\/wp-content\/uploads\/2025\/10\/1-300x159.png 300w, https:\/\/host3.hellowebtunisie.com\/~minaoliv\/wp-content\/uploads\/2025\/10\/1-600x317.png 600w\" sizes=\"(max-width: 719px) 100vw, 719px\" \/>\t\t\t\t\t\t\t\t\t\t\t\t\t\t\t<\/div>\n\t\t\t\t<\/div>\n\t\t<div class=\"elementor-element elementor-element-bb6e88a e-con-full e-flex e-con e-child\" data-id=\"bb6e88a\" data-element_type=\"container\">\n\t\t\t\t<div class=\"elementor-element elementor-element-268b739 elementor-widget elementor-widget-image\" data-id=\"268b739\" data-element_type=\"widget\" data-widget_type=\"image.default\">\n\t\t\t\t\t\t\t\t\t\t\t\t\t\t\t<img loading=\"lazy\" decoding=\"async\" width=\"719\" height=\"380\" src=\"https:\/\/host3.hellowebtunisie.com\/~minaoliv\/wp-content\/uploads\/2025\/10\/5.png\" class=\"attachment-large size-large wp-image-1053\" alt=\"\" srcset=\"https:\/\/host3.hellowebtunisie.com\/~minaoliv\/wp-content\/uploads\/2025\/10\/5.png 719w, https:\/\/host3.hellowebtunisie.com\/~minaoliv\/wp-content\/uploads\/2025\/10\/5-300x159.png 300w, https:\/\/host3.hellowebtunisie.com\/~minaoliv\/wp-content\/uploads\/2025\/10\/5-600x317.png 600w\" sizes=\"(max-width: 719px) 100vw, 719px\" \/>\t\t\t\t\t\t\t\t\t\t\t\t\t\t\t<\/div>\n\t\t\t\t<\/div>\n\t\t\t\t<\/div>\n\t\t<div class=\"elementor-element elementor-element-830c9f3 e-con-full e-flex e-con e-child\" data-id=\"830c9f3\" data-element_type=\"container\">\n\t\t\t\t<div class=\"elementor-element elementor-element-256ace3 elementor-widget elementor-widget-heading\" data-id=\"256ace3\" data-element_type=\"widget\" data-widget_type=\"heading.default\">\n\t\t\t\t\t<h2 class=\"elementor-heading-title elementor-size-default\">\nOur Land &amp; Agricultural Parcels<\/h2>\t\t\t\t<\/div>\n\t\t\t\t<div class=\"elementor-element elementor-element-78a3410 elementor-widget elementor-widget-text-editor\" data-id=\"78a3410\" data-element_type=\"widget\" data-widget_type=\"text-editor.default\">\n\t\t\t\t\t\t\t\t\t<p>Our estate is spread across several carefully selected areas, each specifically dedicated to the cultivation of\u00a0<strong>olive trees<\/strong>\u00a0and\u00a0<strong>almond trees<\/strong>. These parcels are located in\u00a0<strong>diverse regions<\/strong>, each with its own unique climatic and geological characteristics.<\/p><p>Thanks to this natural diversity, our crops benefit from\u00a0<strong>ideal conditions<\/strong>, perfectly adapted to each variety<\/p><p>These environmental differences greatly influence the\u00a0<strong>growth of the trees<\/strong>\u00a0and contribute to the\u00a0<strong>flavor, richness, and uniqueness<\/strong>\u00a0of our oils and agricultural products.<\/p><p>\u00a0<\/p>\t\t\t\t\t\t\t\t<\/div>\n\t\t\t\t<div class=\"elementor-element elementor-element-b6715a6 elementor-widget elementor-widget-akpager-button\" data-id=\"b6715a6\" data-element_type=\"widget\" data-widget_type=\"akpager-button.default\">\n\t\t\t\t<div class=\"elementor-widget-container\">\n\t\t\t\t\t        <div class=\"akpager-button-wrapper\">\n            <a class=\"akpager-button icon-right hover-normal\" href=\"https:\/\/host3.hellowebtunisie.com\/~minaoliv\/products\/\">\n\t\t\t\t<span class=\"button-text\">\n\t\t\t\t\tOur products        \t\t<\/span>\n\t\t\t\t                    <span class=\"button-icon\">\n                        <i class=\"fas fa-arrow-right\"><\/i>                    <\/span>\n\t\t\t\t            <\/a>\n        <\/div>\n\t\t\t\t\t\t<\/div>\n\t\t\t\t<\/div>\n\t\t\t\t<\/div>\n\t\t\t\t\t<\/div>\n\t\t\t\t<\/div>\n\t\t\t\t<\/div>\n\t\t","protected":false},"excerpt":{"rendered":"<p>VEROLIA The Story of Our Centenary Olive Trees This mosaic, preserved in the El Jem Museum, stands as a vivid testament to the central role of olive cultivation and olive oil in the history of Carthage and Rome in Tunisia. From the vast Carthaginian olive groves to the Roman estates of Africa Proconsularis, olive oil [&hellip;]<\/p>\n","protected":false},"author":1,"featured_media":0,"parent":0,"menu_order":0,"comment_status":"closed","ping_status":"closed","template":"","meta":{"footnotes":""},"class_list":["post-663","page","type-page","status-publish","hentry"],"_links":{"self":[{"href":"https:\/\/host3.hellowebtunisie.com\/~minaoliv\/wp-json\/wp\/v2\/pages\/663","targetHints":{"allow":["GET"]}}],"collection":[{"href":"https:\/\/host3.hellowebtunisie.com\/~minaoliv\/wp-json\/wp\/v2\/pages"}],"about":[{"href":"https:\/\/host3.hellowebtunisie.com\/~minaoliv\/wp-json\/wp\/v2\/types\/page"}],"author":[{"embeddable":true,"href":"https:\/\/host3.hellowebtunisie.com\/~minaoliv\/wp-json\/wp\/v2\/users\/1"}],"replies":[{"embeddable":true,"href":"https:\/\/host3.hellowebtunisie.com\/~minaoliv\/wp-json\/wp\/v2\/comments?post=663"}],"version-history":[{"count":66,"href":"https:\/\/host3.hellowebtunisie.com\/~minaoliv\/wp-json\/wp\/v2\/pages\/663\/revisions"}],"predecessor-version":[{"id":1399,"href":"https:\/\/host3.hellowebtunisie.com\/~minaoliv\/wp-json\/wp\/v2\/pages\/663\/revisions\/1399"}],"wp:attachment":[{"href":"https:\/\/host3.hellowebtunisie.com\/~minaoliv\/wp-json\/wp\/v2\/media?parent=663"}],"curies":[{"name":"wp","href":"https:\/\/api.w.org\/{rel}","templated":true}]}}