{"id":19740,"date":"2023-04-05T15:46:20","date_gmt":"2023-04-05T13:46:20","guid":{"rendered":"https:\/\/meuble-dougaz.com\/?post_type=product&#038;p=19740"},"modified":"2023-04-05T15:46:46","modified_gmt":"2023-04-05T13:46:46","slug":"tables-a-manger-bois-frene","status":"publish","type":"product","link":"https:\/\/host3.hellowebtunisie.com\/~meudoug\/?product=tables-a-manger-bois-frene","title":{"rendered":"Tables \u00e0 manger bois fr\u00eane"},"content":{"rendered":"","protected":false},"excerpt":{"rendered":"<p>Tables \u00e0 manger bois fr\u00eane 2 m sur 1 m avec 6 chaises tissu au choix<\/p>\n","protected":false},"featured_media":19741,"comment_status":"closed","ping_status":"closed","template":"","meta":[],"product_cat":[71,151],"product_tag":[],"class_list":{"0":"post-19740","1":"product","2":"type-product","3":"status-publish","4":"has-post-thumbnail","6":"product_cat-meuble-dougaz","7":"product_cat-table-a-manger","9":"first","10":"instock","11":"shipping-taxable","12":"purchasable","13":"product-type-simple"},"_links":{"self":[{"href":"https:\/\/host3.hellowebtunisie.com\/~meudoug\/index.php?rest_route=\/wp\/v2\/product\/19740","targetHints":{"allow":["GET"]}}],"collection":[{"href":"https:\/\/host3.hellowebtunisie.com\/~meudoug\/index.php?rest_route=\/wp\/v2\/product"}],"about":[{"href":"https:\/\/host3.hellowebtunisie.com\/~meudoug\/index.php?rest_route=\/wp\/v2\/types\/product"}],"replies":[{"embeddable":true,"href":"https:\/\/host3.hellowebtunisie.com\/~meudoug\/index.php?rest_route=%2Fwp%2Fv2%2Fcomments&post=19740"}],"wp:featuredmedia":[{"embeddable":true,"href":"https:\/\/host3.hellowebtunisie.com\/~meudoug\/index.php?rest_route=\/wp\/v2\/media\/19741"}],"wp:attachment":[{"href":"https:\/\/host3.hellowebtunisie.com\/~meudoug\/index.php?rest_route=%2Fwp%2Fv2%2Fmedia&parent=19740"}],"wp:term":[{"taxonomy":"product_cat","embeddable":true,"href":"https:\/\/host3.hellowebtunisie.com\/~meudoug\/index.php?rest_route=%2Fwp%2Fv2%2Fproduct_cat&post=19740"},{"taxonomy":"product_tag","embeddable":true,"href":"https:\/\/host3.hellowebtunisie.com\/~meudoug\/index.php?rest_route=%2Fwp%2Fv2%2Fproduct_tag&post=19740"}],"curies":[{"name":"wp","href":"https:\/\/api.w.org\/{rel}","templated":true}]}}