{"id":19273,"date":"2022-12-23T16:07:38","date_gmt":"2022-12-23T15:07:38","guid":{"rendered":"https:\/\/host3.hellowebtunisie.com\/~meubledo\/?post_type=product&#038;p=19273"},"modified":"2022-12-27T14:10:12","modified_gmt":"2022-12-27T13:10:12","slug":"salle-a-manger-haut-de-gamme-et-design","status":"publish","type":"product","link":"https:\/\/host3.hellowebtunisie.com\/~meudoug\/?product=salle-a-manger-haut-de-gamme-et-design","title":{"rendered":"Salle \u00e0 manger haut de gamme et design"},"content":{"rendered":"<p>Avec ses deux tiroirs, ses deux niches et les rayonnages int\u00e9gr\u00e9s de sa t\u00eate de lit, ce lit TONIGHT est une v\u00e9ritable mine de rangements, qui en fait le champion des petits espaces. R\u00e9versible, le montage des tiroirs s&#8217;adapte \u00e0 la configuration de la pi\u00e8ce ou \u00e0 vos exigences personnelles. Mais ce n&#8217;est pas tout. En effet, ce lit fabriqu\u00e9 en France, \u00e0 base de panneaux de particules, vous offre \u00e9galement de solides garanties pour le futur. Vous profiterez longtemps des atouts pratiques de ce lit 140 x 190, aussi robuste que fonctionnel.<\/p>\n<p>&nbsp;<\/p>\n","protected":false},"excerpt":{"rendered":"<ul>\n<li>\u00a0Gain de place assur\u00e9 avec le lit TONIGHT et ses multiples rangements !<\/li>\n<li>\u00a0Ce lit est la solution id\u00e9ale pour les petits espaces avec ses 2 tiroirs, 2 niches et sa t\u00eate de lit \u00e0 rangements.<\/li>\n<li>\u00a0On aime : la fabrication fran\u00e7aise !<\/li>\n<\/ul>\n","protected":false},"featured_media":19351,"comment_status":"closed","ping_status":"closed","template":"","meta":[],"product_cat":[71],"product_tag":[],"class_list":{"0":"post-19273","1":"product","2":"type-product","3":"status-publish","4":"has-post-thumbnail","6":"product_cat-meuble-dougaz","8":"first","9":"instock","10":"shipping-taxable","11":"purchasable","12":"product-type-simple"},"_links":{"self":[{"href":"https:\/\/host3.hellowebtunisie.com\/~meudoug\/index.php?rest_route=\/wp\/v2\/product\/19273","targetHints":{"allow":["GET"]}}],"collection":[{"href":"https:\/\/host3.hellowebtunisie.com\/~meudoug\/index.php?rest_route=\/wp\/v2\/product"}],"about":[{"href":"https:\/\/host3.hellowebtunisie.com\/~meudoug\/index.php?rest_route=\/wp\/v2\/types\/product"}],"replies":[{"embeddable":true,"href":"https:\/\/host3.hellowebtunisie.com\/~meudoug\/index.php?rest_route=%2Fwp%2Fv2%2Fcomments&post=19273"}],"wp:featuredmedia":[{"embeddable":true,"href":"https:\/\/host3.hellowebtunisie.com\/~meudoug\/index.php?rest_route=\/wp\/v2\/media\/19351"}],"wp:attachment":[{"href":"https:\/\/host3.hellowebtunisie.com\/~meudoug\/index.php?rest_route=%2Fwp%2Fv2%2Fmedia&parent=19273"}],"wp:term":[{"taxonomy":"product_cat","embeddable":true,"href":"https:\/\/host3.hellowebtunisie.com\/~meudoug\/index.php?rest_route=%2Fwp%2Fv2%2Fproduct_cat&post=19273"},{"taxonomy":"product_tag","embeddable":true,"href":"https:\/\/host3.hellowebtunisie.com\/~meudoug\/index.php?rest_route=%2Fwp%2Fv2%2Fproduct_tag&post=19273"}],"curies":[{"name":"wp","href":"https:\/\/api.w.org\/{rel}","templated":true}]}}