{"id":46911,"date":"2022-02-07T14:28:23","date_gmt":"2022-02-07T13:28:23","guid":{"rendered":"https:\/\/host3.hellowebtunisie.com\/~hanniba\/?page_id=46911"},"modified":"2022-04-11T09:03:13","modified_gmt":"2022-04-11T07:03:13","slug":"notre-histoire","status":"publish","type":"page","link":"https:\/\/host3.hellowebtunisie.com\/~hanniba\/notre-histoire","title":{"rendered":"Notre Histoire"},"content":{"rendered":"\t\t<div data-elementor-type=\"wp-page\" data-elementor-id=\"46911\" class=\"elementor elementor-46911\" data-elementor-settings=\"[]\">\n\t\t\t\t\t\t\t<div class=\"elementor-section-wrap\">\n\t\t\t\t\t\t\t<section class=\"elementor-section elementor-top-section elementor-element elementor-element-67de6c2 elementor-section-stretched elementor-section-boxed elementor-section-height-default elementor-section-height-default\" data-id=\"67de6c2\" data-element_type=\"section\" data-settings=\"{&quot;stretch_section&quot;:&quot;section-stretched&quot;,&quot;background_background&quot;:&quot;classic&quot;}\">\n\t\t\t\t\t\t<div class=\"elementor-container elementor-column-gap-default\">\n\t\t\t\t\t<div class=\"elementor-column elementor-col-100 elementor-top-column elementor-element elementor-element-7c3e125\" data-id=\"7c3e125\" data-element_type=\"column\">\n\t\t\t<div class=\"elementor-widget-wrap elementor-element-populated\">\n\t\t\t\t\t\t\t\t<section class=\"elementor-section elementor-inner-section elementor-element elementor-element-d559c79 elementor-section-boxed elementor-section-height-default elementor-section-height-default\" data-id=\"d559c79\" data-element_type=\"section\">\n\t\t\t\t\t\t<div class=\"elementor-container elementor-column-gap-default\">\n\t\t\t\t\t<div class=\"elementor-column elementor-col-33 elementor-inner-column elementor-element elementor-element-a2664e1\" data-id=\"a2664e1\" data-element_type=\"column\">\n\t\t\t<div class=\"elementor-widget-wrap\">\n\t\t\t\t\t\t\t\t\t<\/div>\n\t\t<\/div>\n\t\t\t\t<div class=\"elementor-column elementor-col-33 elementor-inner-column elementor-element elementor-element-a68c0fa\" data-id=\"a68c0fa\" data-element_type=\"column\">\n\t\t\t<div class=\"elementor-widget-wrap elementor-element-populated\">\n\t\t\t\t\t\t\t\t<div class=\"elementor-element elementor-element-b110c08 elementor-invisible elementor-widget elementor-widget-heading\" data-id=\"b110c08\" data-element_type=\"widget\" data-settings=\"{&quot;_animation&quot;:&quot;fadeInUp&quot;,&quot;_animation_delay&quot;:400}\" data-widget_type=\"heading.default\">\n\t\t\t\t<div class=\"elementor-widget-container\">\n\t\t\t<h3 class=\"elementor-heading-title elementor-size-default\">histoire de l'huile d'olive<\/h3>\t\t<\/div>\n\t\t\t\t<\/div>\n\t\t\t\t\t<\/div>\n\t\t<\/div>\n\t\t\t\t<div class=\"elementor-column elementor-col-33 elementor-inner-column elementor-element elementor-element-b40a592\" data-id=\"b40a592\" data-element_type=\"column\">\n\t\t\t<div class=\"elementor-widget-wrap\">\n\t\t\t\t\t\t\t\t\t<\/div>\n\t\t<\/div>\n\t\t\t\t\t\t\t<\/div>\n\t\t<\/section>\n\t\t\t\t<section class=\"elementor-section elementor-inner-section elementor-element elementor-element-0616404 elementor-section-boxed elementor-section-height-default elementor-section-height-default\" data-id=\"0616404\" data-element_type=\"section\">\n\t\t\t\t\t\t<div class=\"elementor-container elementor-column-gap-default\">\n\t\t\t\t\t<div class=\"elementor-column elementor-col-33 elementor-inner-column elementor-element elementor-element-97cad24\" data-id=\"97cad24\" data-element_type=\"column\" data-settings=\"{&quot;background_background&quot;:&quot;classic&quot;}\">\n\t\t\t<div class=\"elementor-widget-wrap elementor-element-populated\">\n\t\t\t\t\t\t\t\t<div class=\"elementor-element elementor-element-25de924 move-image-left-right elementor-invisible elementor-widget elementor-widget-image\" data-id=\"25de924\" data-element_type=\"widget\" data-settings=\"{&quot;_animation&quot;:&quot;fadeInRight&quot;,&quot;_animation_delay&quot;:300}\" data-widget_type=\"image.default\">\n\t\t\t\t<div class=\"elementor-widget-container\">\n\t\t\t\t\t\t\t\t\t\t\t\t\t\t\t<img loading=\"lazy\" decoding=\"async\" width=\"900\" height=\"900\" src=\"https:\/\/host3.hellowebtunisie.com\/~hanniba\/wp-content\/uploads\/2022\/02\/1-1.png\" class=\"attachment-full size-full\" alt=\"\" srcset=\"https:\/\/host3.hellowebtunisie.com\/~hanniba\/wp-content\/uploads\/2022\/02\/1-1.png 900w, https:\/\/host3.hellowebtunisie.com\/~hanniba\/wp-content\/uploads\/2022\/02\/1-1-300x300.png 300w, https:\/\/host3.hellowebtunisie.com\/~hanniba\/wp-content\/uploads\/2022\/02\/1-1-150x150.png 150w, https:\/\/host3.hellowebtunisie.com\/~hanniba\/wp-content\/uploads\/2022\/02\/1-1-768x768.png 768w, https:\/\/host3.hellowebtunisie.com\/~hanniba\/wp-content\/uploads\/2022\/02\/1-1-600x600.png 600w, https:\/\/host3.hellowebtunisie.com\/~hanniba\/wp-content\/uploads\/2022\/02\/1-1-100x100.png 100w\" sizes=\"auto, (max-width: 900px) 100vw, 900px\" \/>\t\t\t\t\t\t\t\t\t\t\t\t\t\t\t<\/div>\n\t\t\t\t<\/div>\n\t\t\t\t\t<\/div>\n\t\t<\/div>\n\t\t\t\t<div class=\"elementor-column elementor-col-33 elementor-inner-column elementor-element elementor-element-5036d1c\" data-id=\"5036d1c\" data-element_type=\"column\">\n\t\t\t<div class=\"elementor-widget-wrap\">\n\t\t\t\t\t\t\t\t\t<\/div>\n\t\t<\/div>\n\t\t\t\t<div class=\"elementor-column elementor-col-33 elementor-inner-column elementor-element elementor-element-7716220\" data-id=\"7716220\" data-element_type=\"column\">\n\t\t\t<div class=\"elementor-widget-wrap elementor-element-populated\">\n\t\t\t\t\t\t\t\t<div class=\"elementor-element elementor-element-b9965fb elementor-widget elementor-widget-spacer\" data-id=\"b9965fb\" data-element_type=\"widget\" data-widget_type=\"spacer.default\">\n\t\t\t\t<div class=\"elementor-widget-container\">\n\t\t\t\t\t<div class=\"elementor-spacer\">\n\t\t\t<div class=\"elementor-spacer-inner\"><\/div>\n\t\t<\/div>\n\t\t\t\t<\/div>\n\t\t\t\t<\/div>\n\t\t\t\t<div class=\"elementor-element elementor-element-75b816a rt-img-align move-icon-sidewise radiantthemes-retina elementor-position-left elementor-vertical-align-top elementor-invisible elementor-widget elementor-widget-image-box\" data-id=\"75b816a\" data-element_type=\"widget\" data-settings=\"{&quot;_animation&quot;:&quot;fadeInLeft&quot;,&quot;_animation_delay&quot;:500}\" data-widget_type=\"image-box.default\">\n\t\t\t\t<div class=\"elementor-widget-container\">\n\t\t\t<div class=\"elementor-image-box-wrapper\"><figure class=\"elementor-image-box-img\"><img loading=\"lazy\" decoding=\"async\" width=\"29\" height=\"29\" src=\"https:\/\/host3.hellowebtunisie.com\/~hanniba\/wp-content\/uploads\/2021\/07\/x3png.png\" class=\"attachment-full size-full\" alt=\"\" \/><\/figure><div class=\"elementor-image-box-content\"><h6 class=\"elementor-image-box-title\">Hannibal Oil<\/h6><p class=\"elementor-image-box-description\"> Huile d\u2019olive vierge extra au gout doux et fruit\u00e9.  Elle est fabriqu\u00e9e \u00e0 partir d\u2019olives gorg\u00e9es de soleil, cueillies \u00e0 la main et soigneusement s\u00e9lectionn\u00e9es dans une tradition transmise de p\u00e8re en fils.<\/p><\/div><\/div>\t\t<\/div>\n\t\t\t\t<\/div>\n\t\t\t\t\t<\/div>\n\t\t<\/div>\n\t\t\t\t\t\t\t<\/div>\n\t\t<\/section>\n\t\t\t\t\t<\/div>\n\t\t<\/div>\n\t\t\t\t\t\t\t<\/div>\n\t\t<\/section>\n\t\t\t\t<section class=\"elementor-section elementor-top-section elementor-element elementor-element-5ca8525 elementor-section-full_width elementor-section-height-default elementor-section-height-default\" data-id=\"5ca8525\" data-element_type=\"section\">\n\t\t\t\t\t\t<div class=\"elementor-container elementor-column-gap-default\">\n\t\t\t\t\t<div class=\"elementor-column elementor-col-100 elementor-top-column elementor-element elementor-element-2104b70\" data-id=\"2104b70\" data-element_type=\"column\">\n\t\t\t<div class=\"elementor-widget-wrap elementor-element-populated\">\n\t\t\t\t\t\t\t\t<div class=\"elementor-element elementor-element-d0a04b5 elementor-widget elementor-widget-image\" data-id=\"d0a04b5\" data-element_type=\"widget\" data-widget_type=\"image.default\">\n\t\t\t\t<div class=\"elementor-widget-container\">\n\t\t\t\t\t\t\t\t\t\t\t\t\t\t\t<img loading=\"lazy\" decoding=\"async\" width=\"1347\" height=\"1322\" src=\"https:\/\/host3.hellowebtunisie.com\/~hanniba\/wp-content\/uploads\/2022\/04\/zz.jpg\" class=\"attachment-2048x2048 size-2048x2048\" alt=\"\" srcset=\"https:\/\/host3.hellowebtunisie.com\/~hanniba\/wp-content\/uploads\/2022\/04\/zz.jpg 1347w, https:\/\/host3.hellowebtunisie.com\/~hanniba\/wp-content\/uploads\/2022\/04\/zz-300x294.jpg 300w, https:\/\/host3.hellowebtunisie.com\/~hanniba\/wp-content\/uploads\/2022\/04\/zz-1024x1005.jpg 1024w, https:\/\/host3.hellowebtunisie.com\/~hanniba\/wp-content\/uploads\/2022\/04\/zz-768x754.jpg 768w, https:\/\/host3.hellowebtunisie.com\/~hanniba\/wp-content\/uploads\/2022\/04\/zz-600x589.jpg 600w\" sizes=\"auto, (max-width: 1347px) 100vw, 1347px\" \/>\t\t\t\t\t\t\t\t\t\t\t\t\t\t\t<\/div>\n\t\t\t\t<\/div>\n\t\t\t\t\t<\/div>\n\t\t<\/div>\n\t\t\t\t\t\t\t<\/div>\n\t\t<\/section>\n\t\t\t\t\t\t<\/div>\n\t\t\t\t\t<\/div>\n\t\t","protected":false},"excerpt":{"rendered":"<p>histoire de l&#8217;huile d&#8217;olive Hannibal Oil Huile d\u2019olive vierge extra au gout doux et fruit\u00e9. Elle est fabriqu\u00e9e \u00e0 partir d\u2019olives gorg\u00e9es de soleil, cueillies \u00e0 la main et soigneusement s\u00e9lectionn\u00e9es dans une tradition transmise de p\u00e8re en fils.<\/p>\n","protected":false},"author":1,"featured_media":46890,"parent":0,"menu_order":0,"comment_status":"closed","ping_status":"closed","template":"","meta":{"footnotes":""},"class_list":["post-46911","page","type-page","status-publish","has-post-thumbnail","hentry"],"_links":{"self":[{"href":"https:\/\/host3.hellowebtunisie.com\/~hanniba\/wp-json\/wp\/v2\/pages\/46911","targetHints":{"allow":["GET"]}}],"collection":[{"href":"https:\/\/host3.hellowebtunisie.com\/~hanniba\/wp-json\/wp\/v2\/pages"}],"about":[{"href":"https:\/\/host3.hellowebtunisie.com\/~hanniba\/wp-json\/wp\/v2\/types\/page"}],"author":[{"embeddable":true,"href":"https:\/\/host3.hellowebtunisie.com\/~hanniba\/wp-json\/wp\/v2\/users\/1"}],"replies":[{"embeddable":true,"href":"https:\/\/host3.hellowebtunisie.com\/~hanniba\/wp-json\/wp\/v2\/comments?post=46911"}],"version-history":[{"count":26,"href":"https:\/\/host3.hellowebtunisie.com\/~hanniba\/wp-json\/wp\/v2\/pages\/46911\/revisions"}],"predecessor-version":[{"id":46957,"href":"https:\/\/host3.hellowebtunisie.com\/~hanniba\/wp-json\/wp\/v2\/pages\/46911\/revisions\/46957"}],"wp:featuredmedia":[{"embeddable":true,"href":"https:\/\/host3.hellowebtunisie.com\/~hanniba\/wp-json\/wp\/v2\/media\/46890"}],"wp:attachment":[{"href":"https:\/\/host3.hellowebtunisie.com\/~hanniba\/wp-json\/wp\/v2\/media?parent=46911"}],"curies":[{"name":"wp","href":"https:\/\/api.w.org\/{rel}","templated":true}]}}